
{"id":1138,"date":"2020-04-09T10:38:58","date_gmt":"2020-04-09T08:38:58","guid":{"rendered":"https:\/\/przedszkole18.edu.wroclaw.pl\/?page_id=1138"},"modified":"2025-11-03T15:31:32","modified_gmt":"2025-11-03T14:31:32","slug":"dzialania-muzyczne","status":"publish","type":"page","link":"https:\/\/przedszkole18.edu.wroclaw.pl\/index.php\/dzialania-muzyczne\/","title":{"rendered":"Dzia\u0142ania muzyczne"},"content":{"rendered":"<div class=\"wpb-content-wrapper\"><p>[vc_row][vc_column][vc_column_text]<span style=\"font-size: 14pt\">Drodzy Rodzice,<\/span><\/p>\n<p>na tej stronie znajdziecie informacje, dotycz\u0105ce dzia\u0142a\u0144 muzycznych prowadzonych w naszym przedszkolu: opis autorskiego programu <em>wspierania uzdolnie\u0144 muzycznych dzieci 5- i 6-cio letnich<\/em>, zasady kwalifikacji do dodatkowych zaj\u0119\u0107 muzycznych, sylwetki naszych pedagog\u00f3w. W zak\u0142adce <strong>AKTUALNO\u015aCI<\/strong> znajdziecie Pa\u0144stwo og\u0142oszenia o planowanych spotkaniach, koncertach i uroczysto\u015bciach organizowanych w naszym przedszkolu.<\/p>\n<p>&nbsp;<\/p>\n<p>&nbsp;<\/p>\n<p>[\/vc_column_text][\/vc_column][\/vc_row][vc_row][vc_column][vc_tta_tabs section_title_tag=&#8221;h3&#8243; style=&#8221;flat&#8221; shape=&#8221;square&#8221; color=&#8221;blue&#8221; alignment=&#8221;center&#8221; active_section=&#8221;1&#8243; no_fill_content_area=&#8221;true&#8221; css=&#8221;.vc_custom_1645691545089{background-color: #ffffff !important;}&#8221;][vc_tta_section title=&#8221;Aktualno\u015bci&#8221; tab_id=&#8221;1601207642963-a844c20f-8a8a&#8221;][vc_text_separator title=&#8221;Indywidualne zaj\u0119cia muzyczne 2025\/2026&#8243; css=&#8221;&#8221;][vc_column_text css=&#8221;&#8221;]Szanowni Pa\u0144stwo,<\/p>\n<p>zako\u0144czyli\u015bmy coroczne badania predyspozycji muzycznych dzieci 5 i 6-letnich, w wyniku kt\u00f3rych 25 naszych wychowank\u00f3w zosta\u0142o zakwalifikowanych do udzia\u0142u w indywidualnych zaj\u0119ciach nauki gry na instrumentach (skrzypce, pianino, flet). List\u0119 dzieci znajdziecie Pa\u0144stwo w zak\u0142adce &#8222;dzia\u0142ania muzyczne&#8221; oraz w holu przedszkola (z nazwiskami dzieci). W zak\u0142adce umieszczone s\u0105 r\u00f3wnie\u017c szczeg\u00f3\u0142owe zasady kwalifikacji dzieci do realizacji dodatkowych zaj\u0119\u0107.<\/p>\n<p>Rodzic\u00f3w wszystkich dzieci\u00a0<strong>ROZPOCZYNAJ\u0104CYCH NAUK\u0118<\/strong>\u00a0gry na instrumencie w przedszkolu w bie\u017c\u0105cym roku szkolnym zapraszamy na spotkanie organizacyjne, kt\u00f3re odb\u0119dzie si\u0119 w <strong>poniedzia\u0142ek<\/strong><strong>, 6.10.2025<\/strong>\u00a0o godzinie <strong>16.00<\/strong>, w sali grupy sportowej.<\/p>\n<p style=\"text-align: right\">Nauczyciele muzyki<\/p>\n<p>[\/vc_column_text][\/vc_tta_section][vc_tta_section title=&#8221;HYMN PRZEDSZKOLA&#8221; tab_id=&#8221;1737464722184-93996ae2-4d6b&#8221;][vc_single_image image=&#8221;11922&#8243; img_size=&#8221;large&#8221; alignment=&#8221;center&#8221; onclick=&#8221;img_link_large&#8221; img_link_target=&#8221;_blank&#8221; css=&#8221;&#8221;][vc_single_image image=&#8221;11921&#8243; img_size=&#8221;large&#8221; alignment=&#8221;center&#8221; onclick=&#8221;img_link_large&#8221; img_link_target=&#8221;_blank&#8221; css=&#8221;&#8221;][\/vc_tta_section][vc_tta_section title=&#8221;Nasi nauczyciele&#8221; tab_id=&#8221;1601207908240-28bb4ec8-2502&#8243;][vc_column_text css=&#8221;&#8221;]<strong>Halina Zwiercan <\/strong><\/p>\n<p>Do grona naszych nauczycieli muzyki nale\u017cy r\u00f3wnie\u017c od wielu lat pani <strong>Halina Zwiercan<\/strong>, kt\u00f3rej podopieczni graj\u0105cy na skrzypcach, zawsze z ochot\u0105 biegn\u0105, by zacz\u0105\u0107 kolejn\u0105 lekcje. Ogrom cierpliwo\u015bci, do\u015bwiadczenia i umiej\u0119tno\u015bci pozwala wypracowa\u0107 u dzieci po\u017c\u0105dane efekty i przeku\u0107 je w sukcesy. Pani Halina jest tak\u017ce autorem innowacyjnych koncepcji edukacji muzycznej, ze szczeg\u00f3lnym zwr\u00f3ceniem uwagi na nauk\u0119 najm\u0142odszych dzieci gry na skrzypcach. W jej obszarze zainteresowa\u0144 znajduje si\u0119 tak\u017ce problem obecno\u015bci psychomotoryki w rozwijaniu muzycznych zdolno\u015bci dzieci w wieku przedszkolnym, co sta\u0142o si\u0119 tematem dysertacji doktorskiej pedagoga. Wychowankowie Pani Halinki odwiedzaj\u0105 nasze przedszkole ju\u017c jako uczniowie szk\u00f3\u0142 muzycznych i cz\u0119sto zapraszaj\u0105 do podziwiania ich umiej\u0119tno\u015bci.<\/p>\n<p>&nbsp;<\/p>\n<p><strong>Marta Mrzyg\u0142\u00f3d &#8211; Chudyk<br \/>\n<\/strong><\/p>\n<p>Muzyka odgrywa wa\u017cn\u0105 rol\u0119 w rozwoju dzieci \u2013 rozwija wra\u017cliwo\u015b\u0107, wyobra\u017ani\u0119 i emocje. Dlatego nasze przedszkolaki regularnie uczestnicz\u0105 w audycjach muzycznych prowadzonych przez Pani\u0105 Mart\u0119. Podczas spotka\u0144 dzieci poznaj\u0105 r\u00f3\u017cne instrumenty, style muzyczne oraz d\u017awi\u0119ki z r\u00f3\u017cnych cz\u0119\u015bci \u015bwiata. Z zaanga\u017cowaniem s\u0142uchaj\u0105, \u015bpiewaj\u0105 i rytmicznie klaszcz\u0105, ucz\u0105c si\u0119 jednocze\u015bnie uwa\u017cnego odbioru muzyki i wra\u017cliwo\u015bci na jej pi\u0119kno.\u00a0Ka\u017cda audycja to ciekawa podr\u00f3\u017c w \u015bwiat d\u017awi\u0119k\u00f3w \u2013 pe\u0142na emocji, odkry\u0107 i rado\u015bci.<\/p>\n<p>Pani Marta prowadzi tak\u017ce zaj\u0119cia taneczne w grupach m\u0142odszych. Dzieci ucz\u0105 si\u0119 prostych uk\u0142ad\u00f3w tanecznych, rozwijaj\u0105 koordynacj\u0119 ruchow\u0105 i doskonal\u0105 poczucie rytmu. Zaj\u0119cia te zawsze dostarczaj\u0105 przedszkolakom du\u017co energii i dobrej zabawy.<\/p>\n<p>Z ogromn\u0105 cierpliwo\u015bci\u0105 Pani Marta wprowadza r\u00f3wnie\u017c dzieci w \u015bwiat muzyki fortepianowej. Maluchy poznaj\u0105 budow\u0119 instrumentu, ucz\u0105 si\u0119 gra\u0107 pierwsze melodie i odkrywaj\u0105 rado\u015b\u0107 z samodzielnego tworzenia muzyki.\u00a0By\u0107 mo\u017ce w\u015br\u00f3d naszych przedszkolak\u00f3w ro\u015bnie przysz\u0142y wirtuoz!<\/p>\n<p>&nbsp;<\/p>\n<p><strong>Pawe\u0142 Marek <\/strong><\/p>\n<p>Wszystkie przedszkolaki dwa razy w tygodniu spotykaj\u0105 si\u0119 na zaj\u0119ciach z rytmiki. W grupach starszych zaj\u0119cia te prowadzi pan <strong>Pawe\u0142 Marek<\/strong>, kt\u00f3ry jest tak\u017ce nauczycielem gry na flecie. W swojej pracy ma du\u017c\u0105 i bogat\u0105 ofert\u0119 zabaw ruchowych, kt\u00f3re nigdy nie nudz\u0105 si\u0119 jego ma\u0142ym odbiorcom.<\/p>\n<p>Stawia na du\u017ce zaanga\u017cowanie ka\u017cdego m\u0142odego uczestnika, jak m\u00f3wi &#8222;bez nich sam te\u017c,\u00a0 nie mia\u0142 bym mo\u017cliwo\u015bci i potrzeby szukania ci\u0105gle czego\u015b nowego&#8221;. W dzisiejszym &#8222;szybkim \u017cyciu&#8221; ka\u017cdy chce by\u0107 wa\u017cny i widoczny &#8211; staramy si\u0119,\u00a0 by ka\u017cdy mia\u0142 szans\u0119 zaistnie\u0107.<\/p>\n<p><strong>Filip Koz\u0142owski <\/strong><\/p>\n<p>W grupach m\u0142odszych &#8211; tak\u017ce dwa razy w tygodniu &#8211; pan <strong>Filip Koz\u0142owski<\/strong> wprowadza dzieci w tajemniczy i pi\u0119kny \u015bwiat muzyki.\u00a0 \u00a0W grupach starszych, w ramach programu wspierania uzdolnie\u0144 muzycznych, pan Filip prowadzi indywidualne zaj\u0119cia gry na pianinie oraz zespo\u0142y instrument\u00f3w Orffa. Prezentacje zespo\u0142\u00f3w mogli\u015bmy podziwia\u0107 ju\u017c wielokrotnie na r\u00f3\u017cnych uroczysto\u015bciach w przedszkolu, mali perkusi\u015bci s\u0105 tak\u017ce go\u015b\u0107mi na organizowanych co roku spotkaniach muzycznych w Przedszkolu 36 przy ul. Witelona.[\/vc_column_text][\/vc_tta_section][vc_tta_section title=&#8221;Program wspierania uzdolnie\u0144 muzycznych dzieci 5- i 6-cio letnich&#8221; tab_id=&#8221;1601207643044-052fee6f-3c46&#8243;][vc_column_text]Realizuj\u0105c autorski program muzyczny <em><strong>Wspieranie uzdolnie\u0144 muzycznych dzieci pi\u0119cio- i sze\u015bcio<\/strong><\/em> letnich mamy mo\u017cliwo\u015b\u0107 wzbogacenia swojej oferty edukacyjnej, a tak\u017ce dajemy wychowankom szans\u0119 na odkrywanie w sobie zdolno\u015bci i umiej\u0119tno\u015bci muzycznych. Wprowadzaj\u0105c ich w \u015bwiat muzyki uwra\u017cliwiamy na pi\u0119kno otaczaj\u0105cego \u015bwiata, pozwalamy go zrozumie\u0107 i pokocha\u0107.<\/p>\n<p>Wszystkie dzieci w naszym przedszkolu bior\u0105 udzia\u0142 w zaj\u0119ciach rytmiki, ta\u0144ca oraz zaj\u0119ciach umuzykalniaj\u0105cych z elementami logorytmiki. Ponadto w ramach realizacji autorskiego programu wychowania muzycznego dedykowanego pi\u0119cio i sze\u015bciolatkom prowadzimy zaj\u0119cia indywidualnej nauki gry na pianinie, skrzypcach, flecie oraz zespo\u0142y perkusyjne.<\/p>\n<p>Mali muzycy maj\u0105 okazj\u0119 prezentowa\u0107 swoje umiej\u0119tno\u015bci na koncertach, konkursach i podczas uroczysto\u015bci organizowanych w przedszkolu i poza nim. Dzieci szczeg\u00f3lnie zainteresowane dalsz\u0105 nauk\u0105 gry na instrumencie przygotowujemy do przes\u0142ucha\u0144 wst\u0119pnych do szk\u00f3\u0142 muzycznych.<\/p>\n<p>Nad muzyczn\u0105 edukacj\u0105 naszych Przedszkolak\u00f3w czuwa kadra wykszta\u0142conych i do\u015bwiadczonych pedagog\u00f3w-muzyk\u00f3w, dla kt\u00f3rych wprowadzanie dzieci w \u015bwiat sztuki d\u017awi\u0119k\u00f3w to prawdziwa pasja.<\/p>\n<p>&nbsp;<\/p>\n<p>Zasady kwalifikacji dzieci do realizacji dodatkowych zaj\u0119\u0107 muzycznych w przedszkolu:<\/p>\n<p><a href=\"https:\/\/przedszkole18.edu.wroclaw.pl\/wp-content\/uploads\/sites\/36\/2020\/09\/Zal.-1_zasady-kwalifikacji-na-zajecia-muzyczne.pdf\">Za\u0142. 1_zasady kwalifikacji na zaj\u0119cia muzyczne<\/a>[\/vc_column_text][\/vc_tta_section][vc_tta_section title=&#8221;Listy dzieci &#8211; rok szkolny 2025\/2026&#8243; tab_id=&#8221;1601208820413-14f96b66-a010&#8243;][vc_single_image image=&#8221;12794&#8243; img_size=&#8221;large&#8221; alignment=&#8221;center&#8221; css=&#8221;&#8221;][vc_column_text]<\/p>\n<p style=\"text-align: center\"><span style=\"font-size: 14pt;font-family: impact, sans-serif\">List\u0119 z imionami i nazwiskami dzieci znajdziecie Pa\u0144stwo w holu przedszkola przy schodach prowadz\u0105cych do sekretariatu.<\/span><\/p>\n<p>[\/vc_column_text][\/vc_tta_section][\/vc_tta_tabs][\/vc_column][\/vc_row][vc_row][vc_column][\/vc_column][\/vc_row]<\/p>\n<\/div>","protected":false},"excerpt":{"rendered":"<p>[vc_row][vc_column][vc_column_text]Drodzy Rodzice, na tej stronie znajdziecie informacje, dotycz\u0105ce dzia\u0142a\u0144 muzycznych prowadzonych w naszym przedszkolu: opis autorskiego programu wspierania uzdolnie\u0144 muzycznych dzieci 5- i 6-cio letnich, zasady kwalifikacji do dodatkowych zaj\u0119\u0107 [&hellip;]<\/p>\n","protected":false},"author":144,"featured_media":8601,"parent":0,"menu_order":0,"comment_status":"closed","ping_status":"closed","template":"","meta":{"ngg_post_thumbnail":0,"footnotes":""},"class_list":["post-1138","page","type-page","status-publish","has-post-thumbnail","hentry","clearfix"],"_links":{"self":[{"href":"https:\/\/przedszkole18.edu.wroclaw.pl\/index.php\/wp-json\/wp\/v2\/pages\/1138","targetHints":{"allow":["GET"]}}],"collection":[{"href":"https:\/\/przedszkole18.edu.wroclaw.pl\/index.php\/wp-json\/wp\/v2\/pages"}],"about":[{"href":"https:\/\/przedszkole18.edu.wroclaw.pl\/index.php\/wp-json\/wp\/v2\/types\/page"}],"author":[{"embeddable":true,"href":"https:\/\/przedszkole18.edu.wroclaw.pl\/index.php\/wp-json\/wp\/v2\/users\/144"}],"replies":[{"embeddable":true,"href":"https:\/\/przedszkole18.edu.wroclaw.pl\/index.php\/wp-json\/wp\/v2\/comments?post=1138"}],"version-history":[{"count":46,"href":"https:\/\/przedszkole18.edu.wroclaw.pl\/index.php\/wp-json\/wp\/v2\/pages\/1138\/revisions"}],"predecessor-version":[{"id":12929,"href":"https:\/\/przedszkole18.edu.wroclaw.pl\/index.php\/wp-json\/wp\/v2\/pages\/1138\/revisions\/12929"}],"wp:featuredmedia":[{"embeddable":true,"href":"https:\/\/przedszkole18.edu.wroclaw.pl\/index.php\/wp-json\/wp\/v2\/media\/8601"}],"wp:attachment":[{"href":"https:\/\/przedszkole18.edu.wroclaw.pl\/index.php\/wp-json\/wp\/v2\/media?parent=1138"}],"curies":[{"name":"wp","href":"https:\/\/api.w.org\/{rel}","templated":true}]}}