
{"id":13134,"date":"2026-01-14T12:27:55","date_gmt":"2026-01-14T11:27:55","guid":{"rendered":"https:\/\/przedszkole18.edu.wroclaw.pl\/?page_id=13134"},"modified":"2026-01-14T12:38:42","modified_gmt":"2026-01-14T11:38:42","slug":"deklaracja-dostepnosci","status":"publish","type":"page","link":"https:\/\/przedszkole18.edu.wroclaw.pl\/index.php\/deklaracja-dostepnosci\/","title":{"rendered":"Deklaracja dost\u0119pno\u015bci"},"content":{"rendered":"<p id=\"a11y-wstep\" data-normal-size=\"16\"><span id=\"a11y-podmiot\">Przedszkole nr 18 we Wroc\u0142awiu<\/span> zobowi\u0105zuje si\u0119 zapewni\u0107 dost\u0119pno\u015b\u0107 swojej strony internetowej zgodnie z przepisami ustawy z dnia 4 kwietnia 2019 r. o dost\u0119pno\u015bci cyfrowej stron internetowych i aplikacji mobilnych podmiot\u00f3w publicznych. O\u015bwiadczenie w sprawie dost\u0119pno\u015bci ma zastosowanie do strony internetowej <span id=\"a11y-url\">https:\/\/przedszkole18.edu.wroclaw.pl<\/span>.<\/p>\n<p data-normal-size=\"16\"><span id=\"a11y-status\">Strona internetowa jest cz\u0119\u015bciowo zgodna z ustaw\u0105 z dnia 4 kwietnia 2019 r. o dost\u0119pno\u015bci cyfrowej stron internetowych i aplikacji mobilnych podmiot\u00f3w publicznych <\/span> z powodu niezgodno\u015bci lub wy\u0142\u0105cze\u0144 wymienionych poni\u017cej. Tre\u015bci niedost\u0119pne:<\/p>\n<ul>\n<li>brak cz\u0119\u015bci opis\u00f3w alternatywnych i tytu\u0142\u00f3w dla cz\u0119\u015bci zdj\u0119\u0107 i obrazk\u00f3w,<\/li>\n<li>cz\u0119\u015b\u0107 dokument\u00f3w PDF posiada b\u0142\u0119dy w warstwie tekstowej (po skanowaniu\/OCR),<\/li>\n<li>dokumenty PDF nie s\u0105 poprawnie odczytywane przez programy dla os\u00f3b niewidz\u0105cych (np. nieprawid\u0142owo przygotowane tabele, wykresy, obrazki, brak sekcji nawigacyjnych, tytu\u0142u itp.),<\/li>\n<li>brak audio deskrypcji dla materia\u0142\u00f3w multimedialnych.<\/li>\n<\/ul>\n<p data-normal-size=\"16\">Wy\u0142\u0105czenia:<\/p>\n<ul>\n<li>zdj\u0119cia, obrazki oraz pliki PDF zosta\u0142y opublikowane przed wej\u015bciem w \u017cycie ustawy o dost\u0119pno\u015bci cyfrowej, poprawienie dost\u0119pno\u015bci strony nios\u0142oby za sob\u0105 nadmierne obci\u0105\u017cenia dla podmiotu publicznego,<\/li>\n<li>mapy s\u0105 wy\u0142\u0105czone z obowi\u0105zku zapewniania dost\u0119pno\u015bci.<\/li>\n<\/ul>\n<p data-normal-size=\"16\">Skr\u00f3ty klawiszowe<br \/>\nDomy\u015ble skr\u00f3ty klawiszowe przegl\u0105darek internetowych.<\/p>\n<p data-normal-size=\"16\">Data sporz\u0105dzenia deklaracji dost\u0119pno\u015bci: <span id=\"a11y-data-sporzadzenie\"> 2020-09-22<\/span><br \/>\nDeklaracj\u0119 sporz\u0105dzono na podstawie samooceny przeprowadzonej przez podmiot publiczny.<br \/>\nDeklaracja zosta\u0142a poddana przegl\u0105dowi i aktualizacji dnia: <time id=\"a11y-data-deklaracja-przeglad\" datetime=\"2022-03-28\">2025-03-27<\/time><\/p>\n<h2 data-normal-size=\"24\">Informacje zwrotne i dane kontaktowe<\/h2>\n<p id=\"a11y-kontakt\" data-normal-size=\"16\">W przypadku problem\u00f3w z dost\u0119pno\u015bci\u0105 strony internetowej prosimy o kontakt. Osob\u0105 kontaktow\u0105 jest <span id=\"a11y-osoba\">Lidia Walczak-I\u017cycka<\/span>,<br \/>\n<span id=\"a11y-email\">sekretariat.p018@wroclawskaedukacja.pl<\/span>.<br \/>\nKontaktowa\u0107 mo\u017cna si\u0119 tak\u017ce dzwoni\u0105c na numer telefonu <span id=\"a11y-telefon\">71 798 67 75 wew. 101<\/span>.<br \/>\nT\u0105 sam\u0105 drog\u0105 mo\u017cna sk\u0142ada\u0107 wnioski o udost\u0119pnienie informacji niedost\u0119pnej oraz sk\u0142ada\u0107 \u017c\u0105dania zapewnienia dost\u0119pno\u015bci.<\/p>\n<p id=\"a11y-procedura\" data-normal-size=\"16\">Ka\u017cdy ma prawo do wyst\u0105pienia z \u017c\u0105daniem zapewnienia dost\u0119pno\u015bci cyfrowej strony internetowej, aplikacji mobilnej lub jakiego\u015b ich elementu. Mo\u017cna tak\u017ce za\u017c\u0105da\u0107 udost\u0119pnienia informacji za pomoc\u0105 alternatywnego sposobu dost\u0119pu, na przyk\u0142ad przez odczytanie niedost\u0119pnego cyfrowo dokumentu, opisanie zawarto\u015bci filmu bez audiodeskrypcji itp. \u017b\u0105danie powinno zawiera\u0107 dane osoby zg\u0142aszaj\u0105cej \u017c\u0105danie, wskazanie, o kt\u00f3r\u0105 stron\u0119 internetow\u0105 lub aplikacj\u0119 mobiln\u0105 chodzi oraz spos\u00f3b kontaktu. Je\u017celi osoba \u017c\u0105daj\u0105ca zg\u0142asza potrzeb\u0119 otrzymania informacji za pomoc\u0105 alternatywnego sposobu dost\u0119pu, powinna tak\u017ce okre\u015bli\u0107 dogodny dla niej spos\u00f3b przedstawienia tej informacji. Podmiot publiczny powinien zrealizowa\u0107 \u017c\u0105danie niezw\u0142ocznie, nie p\u00f3\u017aniej ni\u017c w ci\u0105gu 7 dni od dnia wyst\u0105pienia z \u017c\u0105daniem. Je\u017celi dotrzymanie tego terminu nie jest mo\u017cliwe, podmiot publiczny niezw\u0142ocznie informuje o tym wnosz\u0105cego \u017c\u0105danie, kiedy realizacja \u017c\u0105dania b\u0119dzie mo\u017cliwa, przy czym termin ten nie mo\u017ce by\u0107 d\u0142u\u017cszy ni\u017c 2 miesi\u0105ce od dnia wyst\u0105pienia z \u017c\u0105daniem. Je\u017celi zapewnienie dost\u0119pno\u015bci cyfrowej nie jest mo\u017cliwe, podmiot publiczny mo\u017ce zaproponowa\u0107 alternatywny spos\u00f3b dost\u0119pu do informacji. W&nbsp;przypadku, gdy podmiot publiczny odm\u00f3wi realizacji \u017c\u0105dania zapewnienia dost\u0119pno\u015bci lub alternatywnego sposobu dost\u0119pu do informacji, wnosz\u0105cy \u017c\u0105danie mo\u017cne z\u0142o\u017cy\u0107 skarg\u0119 w sprawie zapewniana dost\u0119pno\u015bci cyfrowej strony internetowej, aplikacji mobilnej lub elementu strony internetowej, lub aplikacji mobilnej.<br \/>\nPo wyczerpaniu wskazanej wy\u017cej procedury mo\u017cna tak\u017ce z\u0142o\u017cy\u0107 wniosek do <a href=\"https:\/\/bip.brpo.gov.pl\/content\/jak-zglosic-sie-do-rzecznika-praw-obywatelskich\">Rzecznika Praw Obywatelskich<\/a>.<\/p>\n<h2 data-normal-size=\"24\">Dost\u0119pno\u015b\u0107 architektoniczna<\/h2>\n<h3 id=\"a11y-architektura\" data-normal-size=\"20\">Siedziba Przedszkola nr 18 Wiolinek we Wroc\u0142awiu mieszcz\u0105ca si\u0119 przy ulicy ul. Sienkiewicza 85 50-348 Wroc\u0142aw<\/h3>\n<ul>\n<li data-normal-size=\"16\">Nie jest przystosowana dla os\u00f3b niepe\u0142nosprawnych.<\/li>\n<li data-normal-size=\"16\">Budynek z uwagi na swoj\u0105 konstrukcj\u0119, nie posiada udogodnie\u0144 dla os\u00f3b niepe\u0142nosprawnych.<\/li>\n<li data-normal-size=\"16\">Do budynku prowadz\u0105 2 wej\u015bcia od ul .H. Sienkiewicza Do obu wej\u015b\u0107 prowadz\u0105 schody. Nie posiadaj\u0105 podjazdu.<\/li>\n<li data-normal-size=\"16\">Dla os\u00f3b na w\u00f3zkach dost\u0119pny jest ogr\u00f3d przedszkolny.<\/li>\n<li data-normal-size=\"16\">W budynku nie ma windy.<\/li>\n<li data-normal-size=\"16\">Brak toalety dla os\u00f3b niepe\u0142nosprawnych.<\/li>\n<li data-normal-size=\"16\">Nie posiadamy parkingu.<\/li>\n<li data-normal-size=\"16\">Do budynku i wszystkich jego pomieszcze\u0144 mo\u017cna wej\u015b\u0107 z psem asystuj\u0105cym i psem przewodnikiem.<\/li>\n<li data-normal-size=\"16\">W przedszkolu nie ma p\u0119tli indukcyjnych.<\/li>\n<li data-normal-size=\"16\">W budynku nie ma oznacze\u0144 w alfabecie brajla ani oznacze\u0144 kontrastowych lub w druku powi\u0119kszonym dla os\u00f3b niewidomych i s\u0142abowidz\u0105cych.<\/li>\n<\/ul>\n<p data-normal-size=\"16\">Dost\u0119pno\u015b\u0107 t\u0142umacza j\u0119zyka migowego<br \/>\nBrak t\u0142umacza j\u0119zyka migowego.<\/p>\n<p data-normal-size=\"16\">Data publikacji strony: <span id=\"a11y-data-publikacja\">2018-06-25.<\/span><br \/>\nData ostatniej istotnej aktualizacji: <span id=\"a11y-data-aktualizacja\">2020-11-23<\/span><\/p>\n","protected":false},"excerpt":{"rendered":"<p>Przedszkole nr 18 we Wroc\u0142awiu zobowi\u0105zuje si\u0119 zapewni\u0107 dost\u0119pno\u015b\u0107 swojej strony internetowej zgodnie z przepisami ustawy z dnia 4 kwietnia 2019 r. o dost\u0119pno\u015bci cyfrowej stron internetowych i aplikacji mobilnych [&hellip;]<\/p>\n","protected":false},"author":7,"featured_media":0,"parent":0,"menu_order":0,"comment_status":"closed","ping_status":"closed","template":"","meta":{"ngg_post_thumbnail":0,"footnotes":""},"class_list":["post-13134","page","type-page","status-publish","hentry","clearfix"],"_links":{"self":[{"href":"https:\/\/przedszkole18.edu.wroclaw.pl\/index.php\/wp-json\/wp\/v2\/pages\/13134","targetHints":{"allow":["GET"]}}],"collection":[{"href":"https:\/\/przedszkole18.edu.wroclaw.pl\/index.php\/wp-json\/wp\/v2\/pages"}],"about":[{"href":"https:\/\/przedszkole18.edu.wroclaw.pl\/index.php\/wp-json\/wp\/v2\/types\/page"}],"author":[{"embeddable":true,"href":"https:\/\/przedszkole18.edu.wroclaw.pl\/index.php\/wp-json\/wp\/v2\/users\/7"}],"replies":[{"embeddable":true,"href":"https:\/\/przedszkole18.edu.wroclaw.pl\/index.php\/wp-json\/wp\/v2\/comments?post=13134"}],"version-history":[{"count":5,"href":"https:\/\/przedszkole18.edu.wroclaw.pl\/index.php\/wp-json\/wp\/v2\/pages\/13134\/revisions"}],"predecessor-version":[{"id":13139,"href":"https:\/\/przedszkole18.edu.wroclaw.pl\/index.php\/wp-json\/wp\/v2\/pages\/13134\/revisions\/13139"}],"wp:attachment":[{"href":"https:\/\/przedszkole18.edu.wroclaw.pl\/index.php\/wp-json\/wp\/v2\/media?parent=13134"}],"curies":[{"name":"wp","href":"https:\/\/api.w.org\/{rel}","templated":true}]}}