
{"id":374,"date":"2018-11-20T14:11:32","date_gmt":"2018-11-20T13:11:32","guid":{"rendered":"https:\/\/przedszkole18.edu.wroclaw.pl\/?page_id=374"},"modified":"2025-03-12T13:50:42","modified_gmt":"2025-03-12T12:50:42","slug":"o-nas","status":"publish","type":"page","link":"https:\/\/przedszkole18.edu.wroclaw.pl\/index.php\/o-nas\/","title":{"rendered":"O przedszkolu"},"content":{"rendered":"<div class=\"wpb-content-wrapper\"><p>[vc_row][vc_column width=&#8221;2\/3&#8243;][vc_column_text css=&#8221;&#8221;]Dysponujemy 135 miejscami dla dzieci 3-6 letnich, w 6 ca\u0142odziennych grupach. Struktura grup zale\u017cna jest od przebiegu rekrutacji w danym roku szkolnym.<\/p>\n<p>Przedszkole udost\u0119pnia dzieciom 6 sal zabaw dla ka\u017cdej grupy i dodatkowo 2 sale do zaj\u0119\u0107 dydaktycznych, w kt\u00f3rych odbywaj\u0105 si\u0119 zaj\u0119cia muzyczne i logopedyczne.<\/p>\n<p>Plac\u00f3wka rok rocznie wzbogaca swoje&nbsp; wyposa\u017cone w pomoce dydaktyczne, co niew\u0105tpliwie podnosi jako\u015b\u0107 kszta\u0142cenia dzieci i uatrakcyjnia ich pobyt w przedszkolu.<\/p>\n<p>Do niew\u0105tpliwych atut\u00f3w naszego przedszkola zaliczy\u0107 nale\u017cy pi\u0119kny, <span style=\"color: #339966;\">du\u017cy ogr\u00f3d<\/span>, kt\u00f3ry jest <span style=\"color: #339966;\">enklaw\u0105 zieleni<\/span> w centrum miasta. Jest on wyposa\u017cony w&nbsp; urz\u0105dzenia ogrodowe pomocne w organizowaniu zaj\u0119\u0107 i&nbsp; zabaw&nbsp; jak i sprzyjaj\u0105ce podnoszeniu sprawno\u015bci i kondycji fizycznej dzieci.&nbsp; Przedszkole nie posiada sali gimnastycznej, ale ma sprz\u0119t do gimnastyki prowadzonej w salach zabaw,&nbsp; podczas dnia przedszkolnego.<\/p>\n<p>Przedszkole posiada w\u0142asn\u0105 kuchni\u0119 wyposa\u017con\u0105 w piec konwekcyjno &#8211; parowy, w kt\u00f3rym przygotowujemy smaczne i zdrowe posi\u0142ki. Swoje propozycje kulinarne wzbogacamy du\u017c\u0105 ilo\u015bci\u0105 podawanych ziaren i pestek dyni, s\u0142onecznika, suszonymi owocami \u017curawin\u0105 czy morelami. Dzieci nauczy\u0142y si\u0119 tak\u017ce je\u015b\u0107 kie\u0142ki ro\u015blin bogate w witaminy i minera\u0142y potrzebne do ich prawid\u0142owego rozwoju. Z uwagi na prawid\u0142ow\u0105 organizacj\u0119 pracy nie&nbsp; prowadzimy&nbsp; specjalnych diet \u017cywieniowych, mo\u017cemy&nbsp; jedynie ograniczy\u0107 podawanie dziecku produkt\u00f3w mlecznych.<\/p>\n<p>Dzie\u0144 w Wiolinku,&nbsp; to nie tylko muzyka. Do tradycji naszej plac\u00f3wki nale\u017cy m. in. organizacja koncertu kol\u0119d, festyn\u00f3w rodzinnych, kiermasz\u00f3w \u015bwi\u0105tecznych i ekologicznych.&nbsp; \u015arody w Wiolinku, to pomys\u0142&nbsp; organizowania spotka\u0144&nbsp; w celu przybli\u017cenia naszych dzia\u0142a\u0144 potencjalnym klientom w okresie rekrutacji do przedszkola. Prowadzimy stron\u0119 internetow\u0105 <em><span style=\"color: #3366ff;\">przedszkole18.edu.wroclaw.pl&nbsp;<\/span> <\/em>na kt\u00f3rej znale\u017a\u0107 mo\u017cna wszystkie wa\u017cne informacje dotycz\u0105ce naszego przedszkola. Jeste\u015bmy pomys\u0142odawcami i organizatorami&nbsp; <span style=\"color: #ff00ff;\">Wroc\u0142awskiego Festiwalu Ta\u0144cz\u0105cych Przedszkolak\u00f3w ,&nbsp; <span style=\"color: #000000;\">kt\u00f3ry od lat cieszy si\u0119 du\u017c\u0105 popularno\u015bci\u0105 w\u015br\u00f3d spo\u0142eczno\u015bci przedszkolnej naszego miasta. <\/span><\/span><br \/>\nDo realizacji wszelkich zada\u0144 wychowawczo-dydaktycznych wykorzystujemy w\u0142asne&nbsp; zaplecze dydaktyczne, kt\u00f3re pozawala realizowa\u0107 nasze, cz\u0119sto \u015bmia\u0142e pomys\u0142y. W wielu projektach mo\u017cemy liczy\u0107 na wsp\u00f3\u0142prac\u0119 z Rad\u0105 Rodzic\u00f3w, \u015brodowiska lokalnego jak i w\u0142adz miasta.<\/p>\n<p><strong><span style=\"color: #800000;\">Programy realizowane:&nbsp; <\/span><\/strong><\/p>\n<p>Poza wszystkimi rodzajami dzia\u0142alno\u015bci dydaktycznej zwi\u0105zana z realizacj\u0105 podstawy programowej wychowania przedszkolnego,&nbsp; prowadzimy nieodp\u0142atne kszta\u0142cenie muzyczne dzieci w grupach starszych.&nbsp; Dlatego te\u017c,&nbsp; realizujemy&nbsp; program w\u0142asny&nbsp; <span style=\"color: #0000ff;\">&#8222;Wspieranie uzdolnie\u0144 muzycznych dzieci 5,6-letnich&#8221;<\/span>, co w du\u017cej mierze wp\u0142ywa na nasze codzienne dzia\u0142ania. W ramach programu prowadzimy nauk\u0119 gry na pianinie,&nbsp; skrzypcach i flecie skierowan\u0105 do dzieci 5 i 6-letnich. W grupach m\u0142odszych, w ramach kszta\u0142cenia muzycznego, 2 razy w tygodniu odbywaj\u0105 si\u0119 zaj\u0119cia z rytmiki, zaj\u0119cia umuzykalniaj\u0105ce, logorytmiki i zaj\u0119cia taneczne. Prowadzone s\u0105 zespo\u0142y instrumentalne, graj\u0105ce na instrumentach sztabkowych i Orffa. W przedszkolu funkcjonuje ch\u00f3r reprezentuj\u0105cy nas na imprezach&nbsp; i uroczysto\u015bciach okoliczno\u015bciowych.<\/p>\n<p>Realizujemy program w\u0142asny <span style=\"color: #0000ff;\">&#8222;Jestem wroc\u0142awskim przedszkolakiem&#8221;<\/span> nastawiony na wychowanie regionalne, ucz\u0105cy szacunku do tradycji i kultury&nbsp; naszego regionu jak i&nbsp; poznawanie i poszanowanie \u015brodowiska w kt\u00f3rym \u017cyjemy.<\/p>\n<p>Dbaj\u0105c o bezpiecze\u0144stwo naszych wychowank\u00f3w opr\u00f3cz wielu procedur bezpiecze\u0144stwa, tak\u017ce w sytuacji COVID 19, powsta\u0142 przed laty Program <span style=\"color: #0000ff;\">&#8222;Bezpieczny Wiolinek&#8221;,<\/span> kt\u00f3ry wplatany jest w wiele dzia\u0142a\u0144 zwi\u0105zanych z nasza prac\u0105.<\/p>\n<p>W budowaniu poczucia przynale\u017cno\u015bci do miasta, regionu i kraju w budowaniu podstawowych warto\u015bci cz\u0142owieka w roku 2018 powsta\u0142 program <span style=\"color: #0000ff;\">&#8222;Wychowanie do warto\u015bci&#8221;,<\/span> kt\u00f3ry od lat przewija si\u0119 w dzia\u0142aniach plac\u00f3wki w \u017cyciu codziennym jak i w uroczysto\u015bciach i imprezach przedszkolnych.<\/p>\n<p>Plac\u00f3wka realizuje tak\u017ce projekty edukacyjne, tworzone na potrzeby realizacji dzia\u0142a\u0144 statutowych i innych sprzyjaj\u0105cych w rozwoju i zdobywaniu umiej\u0119tno\u015bci naszych wychowank\u00f3w. <span style=\"color: #0000ff;\">Projekt &#8222;Preorientacji zawodowej&#8221;,&nbsp; Projekt &#8222;Kompetencje Kluczowe&#8221; . <span style=\"color: #000000;\">To&nbsp; dzia\u0142ania i zagadnienia, kt\u00f3re ju\u017c od najm\u0142odszych lat winny przewija\u0107 si\u0119 w pracy z ma\u0142ym klientem, przysz\u0142ym pracownikiem, pracodawc\u0105, uczestnikiem \u017cycia,&nbsp; innych grup spo\u0142ecznych, kt\u00f3rego przygotowa\u0107 nale\u017cy do pe\u0142nienia r\u00f3\u017cnych \u017cyciowych r\u00f3l .&nbsp; <\/span><\/span><\/p>\n<p>W plac\u00f3wce od wielu lat realizowany jest&nbsp; <span style=\"color: #0000ff;\">&#8222;Miejski Program Profilaktyki Logopedycznej&#8221;<\/span> dzi\u0119ki kt\u00f3remu mo\u017cemy wspiera\u0107 i pomaga\u0107 ma\u0142ym wychowankom i ich rodzicom w d\u0105\u017ceniu do&nbsp; doskonalenia swoich umiej\u0119tno\u015bci j\u0119zykowych, pomocnych w prawid\u0142owej komunikacji ze \u015bwiatem. <span style=\"color: #0000ff;\">W 2018 roku plac\u00f3wka otrzyma\u0142a Certyfikat MPPL<\/span><\/p>\n<p>&nbsp;[\/vc_column_text][\/vc_column][vc_column width=&#8221;1\/3&#8243;][vc_single_image image=&#8221;2018&#8243; img_size=&#8221;full&#8221; alignment=&#8221;center&#8221; css=&#8221;&#8221;][\/vc_column][\/vc_row]<\/p>\n<\/div>","protected":false},"excerpt":{"rendered":"<p>[vc_row][vc_column width=&#8221;2\/3&#8243;][vc_column_text css=&#8221;&#8221;]Dysponujemy 135 miejscami dla dzieci 3-6 letnich, w 6 ca\u0142odziennych grupach. Struktura grup zale\u017cna jest od przebiegu rekrutacji w danym roku szkolnym. Przedszkole udost\u0119pnia dzieciom 6 sal zabaw [&hellip;]<\/p>\n","protected":false},"author":144,"featured_media":0,"parent":0,"menu_order":0,"comment_status":"closed","ping_status":"closed","template":"","meta":{"ngg_post_thumbnail":0,"footnotes":""},"class_list":["post-374","page","type-page","status-publish","hentry","clearfix"],"_links":{"self":[{"href":"https:\/\/przedszkole18.edu.wroclaw.pl\/index.php\/wp-json\/wp\/v2\/pages\/374","targetHints":{"allow":["GET"]}}],"collection":[{"href":"https:\/\/przedszkole18.edu.wroclaw.pl\/index.php\/wp-json\/wp\/v2\/pages"}],"about":[{"href":"https:\/\/przedszkole18.edu.wroclaw.pl\/index.php\/wp-json\/wp\/v2\/types\/page"}],"author":[{"embeddable":true,"href":"https:\/\/przedszkole18.edu.wroclaw.pl\/index.php\/wp-json\/wp\/v2\/users\/144"}],"replies":[{"embeddable":true,"href":"https:\/\/przedszkole18.edu.wroclaw.pl\/index.php\/wp-json\/wp\/v2\/comments?post=374"}],"version-history":[{"count":14,"href":"https:\/\/przedszkole18.edu.wroclaw.pl\/index.php\/wp-json\/wp\/v2\/pages\/374\/revisions"}],"predecessor-version":[{"id":12218,"href":"https:\/\/przedszkole18.edu.wroclaw.pl\/index.php\/wp-json\/wp\/v2\/pages\/374\/revisions\/12218"}],"wp:attachment":[{"href":"https:\/\/przedszkole18.edu.wroclaw.pl\/index.php\/wp-json\/wp\/v2\/media?parent=374"}],"curies":[{"name":"wp","href":"https:\/\/api.w.org\/{rel}","templated":true}]}}