
{"id":385,"date":"2018-11-20T14:49:23","date_gmt":"2018-11-20T13:49:23","guid":{"rendered":"https:\/\/przedszkole18.edu.wroclaw.pl\/?page_id=385"},"modified":"2025-04-30T15:01:53","modified_gmt":"2025-04-30T13:01:53","slug":"nasze-sukcesy","status":"publish","type":"page","link":"https:\/\/przedszkole18.edu.wroclaw.pl\/index.php\/nasze-sukcesy\/","title":{"rendered":"Programy i ich realizacja."},"content":{"rendered":"<p>&nbsp;<\/p>\n<p style=\"text-align: center\"><a href=\"https:\/\/przedszkole18.edu.wroclaw.pl\/wp-content\/uploads\/sites\/36\/2020\/03\/dzieci-z-radosna-twarza-siedza-razem_1308-34091.jpg\"><img loading=\"lazy\" decoding=\"async\" class=\"wp-image-849 size-full aligncenter\" src=\"https:\/\/przedszkole18.edu.wroclaw.pl\/wp-content\/uploads\/sites\/36\/2020\/03\/dzieci-z-radosna-twarza-siedza-razem_1308-34091.jpg\" alt=\"\" width=\"626\" height=\"410\" srcset=\"https:\/\/przedszkole18.edu.wroclaw.pl\/wp-content\/uploads\/sites\/36\/2020\/03\/dzieci-z-radosna-twarza-siedza-razem_1308-34091.jpg 626w, https:\/\/przedszkole18.edu.wroclaw.pl\/wp-content\/uploads\/sites\/36\/2020\/03\/dzieci-z-radosna-twarza-siedza-razem_1308-34091-300x196.jpg 300w, https:\/\/przedszkole18.edu.wroclaw.pl\/wp-content\/uploads\/sites\/36\/2020\/03\/dzieci-z-radosna-twarza-siedza-razem_1308-34091-600x393.jpg 600w, https:\/\/przedszkole18.edu.wroclaw.pl\/wp-content\/uploads\/sites\/36\/2020\/03\/dzieci-z-radosna-twarza-siedza-razem_1308-34091-624x409.jpg 624w\" sizes=\"auto, (max-width: 626px) 100vw, 626px\" \/><\/a><span style=\"color: #000080\"><em><strong>Celem wychowania przedszkolnego jest wsparcie ca\u0142kowitego rozwoju dziecka.<\/strong><\/em><\/span><\/p>\n<p style=\"text-align: center\"><span style=\"color: #000080\"><em><strong> Wspieranie odbywa si\u0119 w procesie opieki, wychowania oraz nauczania &#8211; uczenia si\u0119, u\u0142atwiaj\u0105cym dziecku odkrywanie w\u0142asnych mo\u017cliwo\u015bci, sensu dzia\u0142ania oraz gromadzenia do\u015bwiadcze\u0144 na drodze prowadz\u0105cej do prawdy, dobra i pi\u0119kna.\u00a0<\/strong><\/em><\/span><\/p>\n<p style=\"text-align: center\"><span style=\"color: #000080\"><em><strong>W wyniku takiego oddzia\u0142ywania dziecko osi\u0105ga dojrza\u0142o\u015b\u0107 sprzyjaj\u0105c\u0105\u00a0 podj\u0119ciu nauki na kolejnym etapie edukacji.<\/strong><\/em><\/span><\/p>\n<p style=\"text-align: center\"><span style=\"color: #000080\"><em><strong>Realizacja podstawy programowej wychowania przedszkolnego odbywa si\u0119 poprzez wykorzystywanie r\u00f3\u017cnych metod pracy, mi\u0119dzy innymi:<\/strong><\/em><\/span><\/p>\n<ul style=\"list-style-type: circle\">\n<li style=\"text-align: left\"><em><span style=\"color: #000080\"><span style=\"color: #008000\">Kinezjologia Edukacyjna Denisona \u00a0<\/span>\u00a0 <span style=\"color: #008000\">&#8211; zaj\u0119cia i zabawy z zakresu mowy i my\u015blenia &#8211; &#8222;gimnastyka m\u00f3zgu&#8221;<\/span><br \/>\n<\/span><\/em><\/li>\n<li><em><span style=\"color: #008000\">Klanza &#8211; pedagogika zabawy ze wszystkich obszar\u00f3w edukacji<\/span> <\/em><\/li>\n<li><span style=\"color: #008000\"><em>Metoda Batti Strauss &#8211; edukacja wspieraj\u0105ca zaj\u0119cia muzyczne, ruchowe, plastyczne<\/em> <\/span><\/li>\n<li><span style=\"color: #008000\"><em>Elementy metody Ireny Majchrzak &#8211; przygotowanie do nauki pisania i czytania<\/em> <\/span><\/li>\n<li><span style=\"color: #008000\"><em>Metoda &#8222;Dobrego Startu&#8221; &#8211; zaj\u0119cia i zabawy rozwijaj\u0105ce wszystkie obszary edukacji<\/em> <\/span><\/li>\n<li><span style=\"color: #008000\"><em>Gimnastyka i rytmika\u00a0 tw\u00f3rcza prowadzona metod\u0105 R. Labana\u00a0 i K. Orffa<\/em> <\/span><\/li>\n<li><span style=\"color: #008000\"><em>Autorski program muzyczny &#8222;Wspieranie uzdolnie\u0144 muzycznych dzieci 5-6 letnich&#8221;\u00a0<\/em> <\/span><\/li>\n<li><span style=\"color: #008000\"><em>Technika teatralne &#8211; zabawy w teatr,\u00a0 zabawy i zaj\u0119cia\u00a0 Metod\u0105 Dramy.<\/em> <\/span><\/li>\n<\/ul>\n<p><span style=\"color: #003366\"><em><strong>Organizacja dnia<\/strong> <\/em><\/span><\/p>\n<p><span style=\"color: #333399\"><em>Przedszkole czynna jest w godzinach 7.00 &#8211; 17.00 do plac\u00f3wki ucz\u0119szcza 100 dzieci, kt\u00f3re przebywaj\u0105 w grupach ujednoliconych lub zbli\u017conych wiekowo. Ramowy rozk\u0142ad dnia jest zgodny z obowi\u0105zuj\u0105cymi zaleceniami podstawy programowej, codzienne zaj\u0119cia obejmuj\u0105 wszystkie obszary rozwoju dziecka, dzieci maj\u0105 zaj\u0119cia z j\u0119zyka nowo\u017cytnego \/w naszym przedszkolu to j\u0119zyk angielski\/.\u00a0 Mamy zwyczaj codziennego wychodzenia na \u015bwie\u017ce powietrze, kt\u00f3remu sprzyja du\u017cy, zielony ogr\u00f3d wyposa\u017cony w\u00a0 sprz\u0119t sportowy i rekreacyjny.<\/em> <\/span><\/p>\n","protected":false},"excerpt":{"rendered":"<p>&nbsp; Celem wychowania przedszkolnego jest wsparcie ca\u0142kowitego rozwoju dziecka. Wspieranie odbywa si\u0119 w procesie opieki, wychowania oraz nauczania &#8211; uczenia si\u0119, u\u0142atwiaj\u0105cym dziecku odkrywanie w\u0142asnych mo\u017cliwo\u015bci, sensu dzia\u0142ania oraz gromadzenia [&hellip;]<\/p>\n","protected":false},"author":144,"featured_media":0,"parent":0,"menu_order":0,"comment_status":"closed","ping_status":"closed","template":"","meta":{"ngg_post_thumbnail":0,"footnotes":""},"class_list":["post-385","page","type-page","status-publish","hentry","clearfix"],"_links":{"self":[{"href":"https:\/\/przedszkole18.edu.wroclaw.pl\/index.php\/wp-json\/wp\/v2\/pages\/385","targetHints":{"allow":["GET"]}}],"collection":[{"href":"https:\/\/przedszkole18.edu.wroclaw.pl\/index.php\/wp-json\/wp\/v2\/pages"}],"about":[{"href":"https:\/\/przedszkole18.edu.wroclaw.pl\/index.php\/wp-json\/wp\/v2\/types\/page"}],"author":[{"embeddable":true,"href":"https:\/\/przedszkole18.edu.wroclaw.pl\/index.php\/wp-json\/wp\/v2\/users\/144"}],"replies":[{"embeddable":true,"href":"https:\/\/przedszkole18.edu.wroclaw.pl\/index.php\/wp-json\/wp\/v2\/comments?post=385"}],"version-history":[{"count":21,"href":"https:\/\/przedszkole18.edu.wroclaw.pl\/index.php\/wp-json\/wp\/v2\/pages\/385\/revisions"}],"predecessor-version":[{"id":2209,"href":"https:\/\/przedszkole18.edu.wroclaw.pl\/index.php\/wp-json\/wp\/v2\/pages\/385\/revisions\/2209"}],"wp:attachment":[{"href":"https:\/\/przedszkole18.edu.wroclaw.pl\/index.php\/wp-json\/wp\/v2\/media?parent=385"}],"curies":[{"name":"wp","href":"https:\/\/api.w.org\/{rel}","templated":true}]}}