
{"id":3899,"date":"2021-04-12T21:10:10","date_gmt":"2021-04-12T19:10:10","guid":{"rendered":"https:\/\/przedszkole18.edu.wroclaw.pl\/?page_id=3899"},"modified":"2022-11-25T23:47:05","modified_gmt":"2022-11-25T22:47:05","slug":"pnpc","status":"publish","type":"page","link":"https:\/\/przedszkole18.edu.wroclaw.pl\/index.php\/dzialania-muzyczne\/pnpc\/","title":{"rendered":"Pi\u0119kna Nasza Polska Ca\u0142a"},"content":{"rendered":"<div class=\"wpb-content-wrapper\"><p>[vc_row][vc_column][vc_single_image image=&#8221;4902&#8243; img_size=&#8221;medium&#8221; alignment=&#8221;center&#8221; style=&#8221;vc_box_shadow&#8221; css_animation=&#8221;none&#8221;][vc_column_text]<\/p>\n<p style=\"text-align: center\"><span style=\"font-size: 14pt\"><strong>Mi\u0119dzynarodowy projekt edukacyjny &#8222;Pi\u0119kna Nasza Polska Ca\u0142a&#8221; edycja 2022\/2023<\/strong><\/span><\/p>\n<p style=\"text-align: center\"><span style=\"font-size: 14pt\">Zapraszamy do obejrzenia relacji z wybranych zada\u0144 projektowych.<\/span><\/p>\n<p>[\/vc_column_text][vc_text_separator title=&#8221;\u015aWI\u0118TO NIEPODLEG\u0141O\u015aCI w WIOLINKU&#8221;][\/vc_column][\/vc_row][vc_row][vc_column][vc_video link=&#8221;https:\/\/youtu.be\/rEZt5k1hmm4&#8243; el_width=&#8221;50&#8243; align=&#8221;center&#8221;][vc_gallery type=&#8221;image_grid&#8221; images=&#8221;7844,7845,7846,7847,7848,7849,7850,7851,7852,7853,7854,7855,7856,7857,7858,7859,7860,7861,7862,7863&#8243;][\/vc_column][\/vc_row]<\/p>\n<\/div>","protected":false},"excerpt":{"rendered":"<p>[vc_row][vc_column][vc_single_image image=&#8221;4902&#8243; img_size=&#8221;medium&#8221; alignment=&#8221;center&#8221; style=&#8221;vc_box_shadow&#8221; css_animation=&#8221;none&#8221;][vc_column_text] Mi\u0119dzynarodowy projekt edukacyjny &#8222;Pi\u0119kna Nasza Polska Ca\u0142a&#8221; edycja 2022\/2023 Zapraszamy do obejrzenia relacji z wybranych zada\u0144 projektowych. [\/vc_column_text][vc_text_separator title=&#8221;\u015aWI\u0118TO NIEPODLEG\u0141O\u015aCI w WIOLINKU&#8221;][\/vc_column][\/vc_row][vc_row][vc_column][vc_video link=&#8221;https:\/\/youtu.be\/rEZt5k1hmm4&#8243; el_width=&#8221;50&#8243; [&hellip;]<\/p>\n","protected":false},"author":105,"featured_media":0,"parent":1138,"menu_order":0,"comment_status":"closed","ping_status":"closed","template":"","meta":{"ngg_post_thumbnail":0,"footnotes":""},"class_list":["post-3899","page","type-page","status-publish","hentry","clearfix"],"_links":{"self":[{"href":"https:\/\/przedszkole18.edu.wroclaw.pl\/index.php\/wp-json\/wp\/v2\/pages\/3899","targetHints":{"allow":["GET"]}}],"collection":[{"href":"https:\/\/przedszkole18.edu.wroclaw.pl\/index.php\/wp-json\/wp\/v2\/pages"}],"about":[{"href":"https:\/\/przedszkole18.edu.wroclaw.pl\/index.php\/wp-json\/wp\/v2\/types\/page"}],"author":[{"embeddable":true,"href":"https:\/\/przedszkole18.edu.wroclaw.pl\/index.php\/wp-json\/wp\/v2\/users\/105"}],"replies":[{"embeddable":true,"href":"https:\/\/przedszkole18.edu.wroclaw.pl\/index.php\/wp-json\/wp\/v2\/comments?post=3899"}],"version-history":[{"count":6,"href":"https:\/\/przedszkole18.edu.wroclaw.pl\/index.php\/wp-json\/wp\/v2\/pages\/3899\/revisions"}],"predecessor-version":[{"id":7864,"href":"https:\/\/przedszkole18.edu.wroclaw.pl\/index.php\/wp-json\/wp\/v2\/pages\/3899\/revisions\/7864"}],"up":[{"embeddable":true,"href":"https:\/\/przedszkole18.edu.wroclaw.pl\/index.php\/wp-json\/wp\/v2\/pages\/1138"}],"wp:attachment":[{"href":"https:\/\/przedszkole18.edu.wroclaw.pl\/index.php\/wp-json\/wp\/v2\/media?parent=3899"}],"curies":[{"name":"wp","href":"https:\/\/api.w.org\/{rel}","templated":true}]}}