
{"id":459,"date":"2018-11-21T10:48:33","date_gmt":"2018-11-21T09:48:33","guid":{"rendered":"https:\/\/przedszkole18.edu.wroclaw.pl\/?page_id=459"},"modified":"2025-04-25T15:56:38","modified_gmt":"2025-04-25T13:56:38","slug":"wizja-i-misja-przedszkola","status":"publish","type":"page","link":"https:\/\/przedszkole18.edu.wroclaw.pl\/index.php\/wizja-i-misja-przedszkola\/","title":{"rendered":"Misja i wizja naszej plac\u00f3wki."},"content":{"rendered":"<p style=\"text-align: right\"><span style=\"color: #008080;font-size: 14pt\"><em><strong>&#8222;Dzieci nie potrzebuj\u0105 idealnego miejsca &#8211; potrzebuj\u0105 prawdziwych ludzi, <\/strong><\/em><\/span><\/p>\n<p style=\"text-align: right\"><span style=\"color: #008080;font-size: 14pt\"><em><strong>kt\u00f3rzy widz\u0105 ich serca i wierz\u0105 w ich mo\u017cliwo\u015bci&#8221; <\/strong><\/em><\/span><\/p>\n<p style=\"text-align: left\"><span style=\"color: #000080;font-size: 14pt\"><em>Nasze przedszkole to miejsce pe\u0142ne ciep\u0142a, bezpiecze\u0144stwa i tw\u00f3rczego rozwoju, w kt\u00f3rym ka\u017cde dziecko traktowane jest indywidualnie i z szacunkiem.\u00a0<\/em><\/span><\/p>\n<p style=\"text-align: left\"><span style=\"color: #000080;font-size: 14pt\"><em>Kierujemy si\u0119 zasad\u0105 wspierania wszechstronnego rozwoju dziecka zgodnie z jego potrzebami, mo\u017cliwo\u015bciami i predyspozycjami\u00a0 oraz z zgodnie z obowi\u0105zuj\u0105cymi przepisami prawa. <\/em><\/span><\/p>\n<p><span style=\"color: #000080;font-size: 14pt\"><em>Szczeg\u00f3lne miejsce w naszej dzia\u0142alno\u015bci zajmuje autorski program muzyczny &#8222;Wspieranie uzdolnie\u0144 muzycznych dzieci 5-6 letnich&#8221; realizowany w naszej plac\u00f3wce, kt\u00f3ry jest integraln\u0105 cz\u0119\u015bci\u0105 codziennej pracy z dzie\u0107mi. <\/em><\/span><\/p>\n<p><span style=\"color: #000080;font-size: 14pt\"><em>Poprzez proponowane i realizowane zaj\u0119cia muzyczne takie jak rytmika, umuzykalnienie, taniec, \u015bpiew , gr\u0119 na prostych instrumentach muzycznych, indywidualn\u0105 nauk\u0119 gry na skrzypcach, pianinie i flecie, s\u0142uchanie muzyki klasycznej i wsp\u00f3\u0142czesnej.<\/em><\/span><\/p>\n<p><span style=\"color: #000080;font-size: 14pt\"><em> Rozwijamy w dzieciach wra\u017cliwo\u015b\u0107 estetyczn\u0105 , zdolno\u015bci muzyczne, rozbudzamy ciekawo\u015b\u0107 szeroko poj\u0119tej sztuki,\u00a0 przygotowuj\u0105c ich tym samym,\u00a0 na przysz\u0142ych jej tw\u00f3rc\u00f3w i odbiorc\u00f3w.\u00a0 Program realizowany jest przez wykwalifikowanych nauczycieli muzyki i sztuki muzycznej. <\/em><\/span><\/p>\n<p><span style=\"color: #000080;font-size: 14pt\"><em>Aktywnie\u00a0 wsp\u00f3\u0142pracujemy z instytucjami kultury i edukacji, takimi jak domy kultury, Filharmoni\u0119, \u00a0 szko\u0142y muzyczne i biblioteki, aby wzbogaci\u0107 ofert\u0119 edukacyjn\u0105 przedszkola i umo\u017cliwi\u0107 dzieciom,\u00a0 kontakt z \u017cyw\u0105 kultur\u0105 oraz sztuk\u0105. <\/em><\/span><\/p>\n<p><span style=\"color: #000080;font-size: 14pt\"><em>Organizujemy koncerty, spektakle, warsztaty, wycieczki edukacyjne,\u00a0 projekty tematyczne, konkursy, spotkania z ciekawymi lud\u017ami itp.<br \/>\n<\/em><\/span><\/p>\n<p><span style=\"color: #000080\"><em><span style=\"font-size: 14pt\">D\u0105\u017cymy do tego , aby ka\u017cde dziecko opuszczaj\u0105ce nasze przedszkole by\u0142o otwarte, tw\u00f3rcze, gotowe do podj\u0119cia wyzwa\u0144 stawianych przez wsp\u00f3\u0142czesn\u0105 edukacj\u0119,\u00a0 \u00a0\u00a0\u00a0\u00a0 ciekawie i odwa\u017cnie &#8222;zdobywa\u0142o\u00a0 \u015bwiat&#8221;.\u00a0 \u00a0<\/span> <\/em><\/span><\/p>\n<p>&nbsp;<\/p>\n<p>&nbsp;<\/p>\n<p>&nbsp;<\/p>\n<p>&nbsp;<\/p>\n","protected":false},"excerpt":{"rendered":"<p>&#8222;Dzieci nie potrzebuj\u0105 idealnego miejsca &#8211; potrzebuj\u0105 prawdziwych ludzi, kt\u00f3rzy widz\u0105 ich serca i wierz\u0105 w ich mo\u017cliwo\u015bci&#8221; Nasze przedszkole to miejsce pe\u0142ne ciep\u0142a, bezpiecze\u0144stwa i tw\u00f3rczego rozwoju, w kt\u00f3rym [&hellip;]<\/p>\n","protected":false},"author":144,"featured_media":0,"parent":0,"menu_order":0,"comment_status":"closed","ping_status":"closed","template":"","meta":{"ngg_post_thumbnail":0,"footnotes":""},"class_list":["post-459","page","type-page","status-publish","hentry","clearfix"],"_links":{"self":[{"href":"https:\/\/przedszkole18.edu.wroclaw.pl\/index.php\/wp-json\/wp\/v2\/pages\/459","targetHints":{"allow":["GET"]}}],"collection":[{"href":"https:\/\/przedszkole18.edu.wroclaw.pl\/index.php\/wp-json\/wp\/v2\/pages"}],"about":[{"href":"https:\/\/przedszkole18.edu.wroclaw.pl\/index.php\/wp-json\/wp\/v2\/types\/page"}],"author":[{"embeddable":true,"href":"https:\/\/przedszkole18.edu.wroclaw.pl\/index.php\/wp-json\/wp\/v2\/users\/144"}],"replies":[{"embeddable":true,"href":"https:\/\/przedszkole18.edu.wroclaw.pl\/index.php\/wp-json\/wp\/v2\/comments?post=459"}],"version-history":[{"count":13,"href":"https:\/\/przedszkole18.edu.wroclaw.pl\/index.php\/wp-json\/wp\/v2\/pages\/459\/revisions"}],"predecessor-version":[{"id":12444,"href":"https:\/\/przedszkole18.edu.wroclaw.pl\/index.php\/wp-json\/wp\/v2\/pages\/459\/revisions\/12444"}],"wp:attachment":[{"href":"https:\/\/przedszkole18.edu.wroclaw.pl\/index.php\/wp-json\/wp\/v2\/media?parent=459"}],"curies":[{"name":"wp","href":"https:\/\/api.w.org\/{rel}","templated":true}]}}