
{"id":619,"date":"2018-11-27T09:01:07","date_gmt":"2018-11-27T08:01:07","guid":{"rendered":"https:\/\/przedszkole18.edu.wroclaw.pl\/?page_id=619"},"modified":"2025-11-12T15:09:59","modified_gmt":"2025-11-12T14:09:59","slug":"jezyk-angielski","status":"publish","type":"page","link":"https:\/\/przedszkole18.edu.wroclaw.pl\/index.php\/jezyk-angielski\/","title":{"rendered":"Rada Rodzic\u00f3w"},"content":{"rendered":"<p style=\"text-align: center\"><span style=\"font-size: 18pt;color: #003366\"><em><strong>INFORMACJE RADY RODZIC\u00d3W <\/strong><\/em><\/span><\/p>\n<p style=\"text-align: center\"><em><span style=\"font-size: 18pt;color: #993300\"><strong>ROK SZKOLNY\u00a0 2025\/2026\u00a0<\/strong><\/span><\/em><\/p>\n<p>&nbsp;<\/p>\n<p><strong><em><span style=\"font-size: 14pt;color: #008000\">Szanowni Pa\u0144stwo!\u00a0<\/span><\/em><\/strong><\/p>\n<p style=\"text-align: center\"><strong><em><span style=\"font-size: 14pt;color: #008000\">Bardzo dzi\u0119kujemy,\u00a0 za tak du\u017ce z Waszej strony zaanga\u017cowanie w przygotowanie Jesiennego Kiermaszu &#8222;Witaminki dla ch\u0142opczyka i dziewczynki&#8221; Wasze zdrowe przek\u0105ski i ciasta to ciekawy pomys\u0142 innych. Zgromadzone \u015brodki zasil\u0105 fundusz Rady Rodzic\u00f3w, kt\u00f3ry w ca\u0142o\u015bci spo\u017cytkujemy na potrzeby naszych dzieci. <\/span><\/em><\/strong><\/p>\n<p style=\"text-align: center\"><strong><em><span style=\"font-size: 14pt;color: #008000\">Pozdrawiamy serdecznie.\u00a0 Rada Rodzic\u00f3w Przedszkola nr\u00a0 18 &#8222;Wiolinek&#8221;\u00a0\u00a0<\/span><\/em><\/strong><\/p>\n<p><span style=\"color: #666699\"><strong><span style=\"font-size: 14pt\">Spotkanie Rady Rodzic\u00f3w plac\u00f3wki odby\u0142o si\u0119 15 wrze\u015bnia 2025 roku. Om\u00f3wiono wiele spraw dotycz\u0105cych funkcjonowania plac\u00f3wki, bie\u017c\u0105ce informacje rodzice przekazuj\u0105 za pomoc\u0105 aplikacji telefonicznej w ka\u017cdej grupie. Odpowiedzialno\u015b\u0107 za\u00a0 przekazywane informacje ponosz\u0105 rodzice. Prosimy o kr\u00f3tkie tre\u015bci informuj\u0105ce o potrzebach lub bie\u017c\u0105cym \u017cyciu grupy.\u00a0<\/span><\/strong><\/span><\/p>\n<p><span style=\"color: #666699\"><strong><span style=\"font-size: 14pt\">Notatka ze spotkania przekazana w formie pisemnej przez przewodnicz\u0105ca Rady Rodzic\u00f3w.<\/span><\/strong><\/span><\/p>\n<p><a href=\"https:\/\/przedszkole18.edu.wroclaw.pl\/wp-content\/uploads\/sites\/36\/2025\/09\/Notatka-Rada-Rodzicow-15.09.2025-.pdf\">Notatka Rada Rodzic\u00f3w 15.09.2025<\/a><\/p>\n<p>&nbsp;<\/p>\n<p>.<\/p>\n<p style=\"text-align: center\"><span style=\"font-size: 18pt;color: #003366\"><em><strong>\u00a0ROK SZKOLNY 2024\/2025<\/strong> <\/em><\/span><\/p>\n<p><span style=\"font-size: 14pt\"><strong><span style=\"color: #0000ff\">W dniu 25 wrze\u015bnia odby\u0142o si\u0119 pierwsze spotkanie cz\u0142onk\u00f3w Rady Rodzic\u00f3w naszej plac\u00f3wki. W za\u0142\u0105czeniu kilka s\u0142\u00f3w po spotkaniu.<\/span> <\/strong><\/span><\/p>\n<p><a href=\"https:\/\/przedszkole18.edu.wroclaw.pl\/wp-content\/uploads\/sites\/36\/2024\/09\/Rad-Rodzicow-2024-2025.pdf\">Rad Rodzic\u00f3w 2024-2025<\/a><\/p>\n<p>&nbsp;<\/p>\n<p>&nbsp;<\/p>\n<p>&nbsp;<\/p>\n<p style=\"text-align: center\"><strong><span style=\"font-size: 24pt\"><span style=\"color: #000080\">Rok szkolny 2023\/2024<\/span><\/span><\/strong><\/p>\n<p style=\"text-align: center\"><span style=\"font-size: 14pt;color: #008000\">Zapraszamy na spotkanie Rady Rodzic\u00f3w w dniu 15.05.2024r.\u00a0 godzina 16.00 poruszymy wa\u017cne bie\u017c\u0105ce tematy dotycz\u0105ce funkcjonowania plac\u00f3wki.\u00a0<\/span><\/p>\n<p><span style=\"color: #000080\"><em><strong>Kilka s\u0142\u00f3w ze spotkania. Zapraszamy do przeczytania<\/strong><\/em><\/span> .<a href=\"https:\/\/przedszkole18.edu.wroclaw.pl\/wp-content\/uploads\/sites\/36\/2024\/05\/Rada-Rodzicow-15.05.2024.docx\">Rada Rodzic\u00f3w, 15.05.2024<\/a><\/p>\n<p>&nbsp;<\/p>\n<p>&nbsp;<\/p>\n<p>&nbsp;<\/p>\n<p style=\"text-align: center\"><span style=\"font-size: 14pt;color: #000080\">Zapraszamy\u00a0 na spotkanie Rady Rodzic\u00f3w &#8211;\u00a0 3 pa\u017adziernika 2023 godzina 16.00\u00a0\u00a0 sala zabaw SI <\/span><\/p>\n<p style=\"text-align: center\"><span style=\"font-size: 14pt;color: #008080\"><span style=\"color: #000080\">Om\u00f3wimy wszystkie wa\u017cne sprawy, odpowiemy na wszystkie pytania i poznamy si\u0119 lepiej. Do zobaczenia.\u00a0<\/span> <\/span><\/p>\n<p>&nbsp;<\/p>\n<p><span style=\"color: #000080\">Na zebraniu zosta\u0142y poruszone nast\u0119puj\u0105ce kwestie:<\/span><\/p>\n<p><span style=\"color: #000080\">1.Wybranie sekretarz Rady Rodzic\u00f3w: Emilia Lipi\u0144ska gr. II<\/span><\/p>\n<ol start=\"2\">\n<li><span style=\"color: #000080\">Potwierdzenie przygotowania dla sze\u015bciolatk\u00f3w podzi\u0119kowa\u0144 na koniec roku (tableau &amp; upominek (ksi\u0105\u017cka))<\/span><\/li>\n<li><span style=\"color: #000080\">Przy zanieczyszczonym powietrzu dzieci nie wychodz\u0105 na zewn\u0105trz. Przypominamy o w\u0142a\u015bciwym ubiorze umo\u017cliwiaj\u0105cym zabaw\u0119 na zewn\u0105trz (np. kalosze\u2026)<\/span><\/li>\n<li><span style=\"color: #000080\">Na festynie zebrano 4000z\u0142, przekazane na cele wymiany karuzeli z placu zabaw na \u015bciank\u0119 wspinaczkow\u0105<\/span><\/li>\n<li><span style=\"color: #000080\">Zdecydowano o wsparciu finansowym Przedszkola ze strony Rady Rodzic\u00f3w, wymiany karuzeli z placu zabaw na \u015bciank\u0119 wspinaczkow\u0105<\/span><\/li>\n<li><span style=\"color: #000080\">Zdecydowano o zakupie mikrofon\u00f3w i stojak\u00f3w pod nie przez p. Dyrektor<\/span><\/li>\n<li><span style=\"color: #000080\">Zdecydowano o wysoko\u015bci sk\u0142adki na Rad\u0119 Rodzic\u00f3w w wysoko\u015bci 90z\u0142\/os przy jednym dziecku w przedszkolu, 70z\u0142 przy dw\u00f3jce i wi\u0119cej dzieci w przedszkolu<\/span><\/li>\n<\/ol>\n<p><span style=\"color: #000080\">Termin wp\u0142aty do ko\u0144ca pa\u017adziernika. Mail z og\u0142oszeniem i kartka na drzwiach zostanie niebawem przes\u0142ana\/wywieszona.<\/span><\/p>\n<p><span style=\"color: #000080\">Z tych pieni\u0119dzy dokonywane s\u0105 zakupy prezent\u00f3w miko\u0142ajkowych, oraz podzi\u0119kowa\u0144 dla sze\u015bciolatk\u00f3w.<\/span><\/p>\n<ol start=\"8\">\n<li><span style=\"color: #000080\">Wszy: Ustalono przes\u0142anie maila pomi\u0119dzy tr\u00f3jkami grupowymi z zaleceniami post\u0119powania. Ustalono dwa najbli\u017csze pi\u0105tki jako dni akcji pozbywania si\u0119 wszy przez rodzic\u00f3w indywidualnie w domach, oraz o przegl\u0105danie g\u0142\u00f3w w najbli\u017cszych 2 tygodniach co najmniej raz dziennie.<\/span><\/li>\n<li><span style=\"color: #000080\">Apelujemy o pozostawianie dzieci chorych, z katarem, w domach. Ma to realny wp\u0142yw na zdrowie innych a tak\u017ce dzia\u0142anie przedszkola<\/span><\/li>\n<li><span style=\"color: #000080\">Prezenty miko\u0142ajkowe nale\u017cy dostarczy\u0107 do przedszkola do dnia 4.12.2023 (poniedzia\u0142ek)<\/span><\/li>\n<li><span style=\"color: #000080\">Apelujemy o zamykanie furtki wej\u015bciowej do przedszkola. Pozostawienie jej otwartej ma wp\u0142yw na bezpiecze\u0144stwo dzieci. Zostaje ona cz\u0119sto pozostawiona otwarta, a ka\u017cdy z nas powinien dba\u0107 o jej zamykanie<\/span><\/li>\n<\/ol>\n<p>&nbsp;<\/p>\n<p style=\"text-align: center\"><span style=\"font-size: 18pt;color: #008000\"><em><strong><span style=\"color: #003366\">INFORMACJE ROK SZKOLNY 2022\/2023<\/span><br \/>\n<\/strong> <\/em><\/span><\/p>\n<p><strong><span style=\"color: #008080\">Szanowni Pa\u0144stwo! <\/span><\/strong><\/p>\n<p><strong><span style=\"color: #008080\">05 kwietnia 2023 r., o godzinie 16.30,\u00a0 \u00a0 odby\u0142o si\u0119 spotkanie Rady Rodzic\u00f3w, na kt\u00f3rym poruszono wiele temat\u00f3w zwi\u0105zanych z funkcjonowaniem plac\u00f3wki.\u00a0 Wszystkie omawiane sprawy,\u00a0 zosta\u0142y uj\u0119te w sprawozdaniu, kt\u00f3re zostanie\u00a0 Pa\u0144stwu przekazane w najbli\u017cszym czasie. Pozdrawiam serdecznie i dzi\u0119kuj\u0119 wszystkim obecnym za udzia\u0142 w spotkaniu i ch\u0119\u0107 pomocy z Pa\u0144stwa strony.\u00a0 Dyrektor plac\u00f3wki Lidia Walczak-I\u017cycka<\/span> <\/strong><\/p>\n<p><span style=\"color: #003366;font-size: 14pt\">Szanowni Pa\u0144stwo! \u00a0 Zapraszam na pierwsze\u00a0 w tym roku szkolnym spotkanie Rady Rodzic\u00f3w w dniu 22 wrze\u015bnia \/czwartek\/ godzina 16.00. Sala grupy IV<br \/>\n<\/span><\/p>\n<p><span style=\"color: #003366;font-size: 14pt\"> 1. Om\u00f3wimy wa\u017cne sprawy dotycz\u0105ce funkcjonowania przedszkola w bie\u017c\u0105cym roku szkolnym 2022\/23.<\/span><\/p>\n<p><span style=\"color: #003366;font-size: 14pt\">2. Zaplanujemy wsp\u00f3lne dzia\u0142ania.\u00a0 <span style=\"font-size: 12pt\">Pozdrawiam i zapraszam. Dyrektor plac\u00f3wki\u00a0 Lidia Walczak-I\u017cycka<\/span>\u00a0 <\/span><\/p>\n<p>3. <a href=\"https:\/\/przedszkole18.edu.wroclaw.pl\/wp-content\/uploads\/sites\/36\/2022\/09\/PLAN-WSPOLPRACY-Z-RODZICAMI-2022-23-.doc\">PLAN WSP\u00d3\u0141PRACY Z RODZICAMI 2022-23<\/a><\/p>\n<p>&nbsp;<\/p>\n<p>&nbsp;<\/p>\n<p><span style=\"color: #ff0000;font-size: 14pt\"><em><strong>RADA RODZIC\u00d3W PRZEDSZKOLA ZWRACA SI\u0118 Z UPRZEJM\u0104 PRO\u015aB\u0104 O WP\u0141AT\u0118 SK\u0141ADKI\u00a0 NA ROK 2022\/2023<\/strong><\/em><\/span><\/p>\n<p style=\"text-align: center\"><span style=\"font-size: 14pt;color: #003366\"><em><strong>W WYSOKO\u015aCI: <u>90Z\u0141<\/u> \u2013 ZA JEDNO DZIECKO, \u00a0<u> 70Z\u0141<\/u> \u2013 ZA KA\u017bDE DZIECKO (W SYTUACJI GDY DO PRZEDSZKOLA CHODZI RODZE\u0143STWO) <span style=\"font-size: 10pt\">W TROSCE O FINANSE WSZYSTKICH NAS,\u00a0 POZOSTAJEMY PRZY KWOCIE Z UBIEG\u0141EGO ROKU SZKOLNEGO<\/span><br \/>\n<\/strong><\/em><\/span><\/p>\n<p style=\"text-align: center\"><span style=\"color: #ff0000;font-size: 18pt\"><strong>NA KONTO:\u00a0 <\/strong><strong>Millennium Bank 67 1160 2202 0000 0003 3606 8514<\/strong><\/span><\/p>\n<p style=\"text-align: center\"><span style=\"font-size: 14pt;color: #003366\"><u>W tytule prosz\u0119 poda\u0107 imi\u0119 i nazwisko dziecka (dzieci) oraz numer grupy<\/u><\/span><\/p>\n<p><span style=\"color: #000000;font-family: times new roman, times, serif\"><span style=\"font-size: 14pt\">Wszystkie zebrane \u015brodki b\u0119d\u0105 wykorzystane na potrzeby dzieci. Pierwsza okazja, to \u00a0 wizyta w przedszkolu Miko\u0142aja 6 grudnia. Kwota za, kt\u00f3r\u0105 Rada Rodzic\u00f3w zakupi drobne upominki to 40 z\u0142. Pozosta\u0142e \u015brodki s\u0105 przeznaczone np. na dofinansowanie spektakli teatralnych oraz po\u017cegnanie 6 &#8211; latk\u00f3w. Szczeg\u00f3\u0142owe informacje u przedstawicieli 3 grupowych wybranych na zebraniach organizacyjnych. <\/span><\/span><\/p>\n<p><span style=\"color: #000000;font-size: 14pt;font-family: times new roman, times, serif\">Z powa\u017caniem. Rada Rodzic\u00f3w Przedszkola nr 18 &#8222;Wiolinek&#8221;<\/span><\/p>\n<p style=\"text-align: center\"><span style=\"color: #993300;font-size: 18pt\"><em><strong>ARCHIWUM<\/strong> <\/em><\/span><\/p>\n<p><span style=\"color: #000000;font-family: times new roman, times, serif\"><span style=\"font-size: 14pt\">Zapraszam na pierwsze w tym roku szkolnym\u00a0 2021-2022,\u00a0 spotkanie\u00a0 Rady Rodzic\u00f3w w dniu\u00a0 30.09.2021 godzina 15.30 w sali grupy III.\u00a0 Mamy do om\u00f3wienia kilka wa\u017cnych spraw wa\u017cnych dla w\u0142a\u015bciwej organizacji pracy i oczywi\u015bcie Pa\u0144stwa wsp\u00f3\u0142pracy z nami.<\/span> <\/span><\/p>\n<p><span style=\"color: #000000;font-family: times new roman, times, serif;font-size: 14pt\">Prosz\u0119 o zas\u0142oni\u0119cie ust i nosa na terenie przedszkola, oraz dezynfekcj\u0119 r\u0105k. Pozdrawiam i \u017cycz\u0119 du\u017co zdrowia. Dyrektor plac\u00f3wki Lidia Walczak-I\u017cycka<\/span><\/p>\n<p>&nbsp;<\/p>\n<p><span style=\"color: #000000;font-family: times new roman, times, serif;font-size: 14pt\">Szanowni Pa\u0144stwo<\/span><\/p>\n<p><span style=\"color: #000000;font-family: times new roman, times, serif;font-size: 14pt\">23 wrze\u015bnia 2020 roku Rada Rodzic\u00f3w plac\u00f3wki,\u00a0 mai\u0142a mo\u017cliwo\u015b\u0107 spotka\u0107 si\u0119, pierwszy raz, \u00a0 po tak d\u0142ugim okresie nieobecno\u015bci w plac\u00f3wce. Za nami,\u00a0 jak i przed nami trudne dni od kt\u00f3rych wszyscy oczekujemy zapewne tego, by dzieci mog\u0142y korzysta\u0107 z opieki i nauki w plac\u00f3wce przedszkolnej, w spos\u00f3b stacjonarny,\u00a0 a nie zdalny lub hybrydowy.\u00a0 <\/span><\/p>\n<p><span style=\"color: #000000;font-family: times new roman, times, serif;font-size: 14pt\">Nasze oczekiwania w du\u017cej mierze, zale\u017c\u0105 od samych rodzic\u00f3w. To nasze zachowanie w czasie trwaj\u0105cej pandemii,\u00a0 b\u0119dzie kluczem do sukcesu.\u00a0 \u017byczymy wszystkim rodzicom zdrowia, cierpliwo\u015bci i zrozumienia.\u00a0<\/span><\/p>\n<p><span style=\"color: #000000;font-family: times new roman, times, serif;font-size: 14pt\">W najbli\u017cszym czasie za\u0142\u0105czymy nr konta, na kt\u00f3re rodzice mog\u0105 dokonywa\u0107 wp\u0142at na rzecz Rady Rodzic\u00f3w.<\/span><\/p>\n<p><span style=\"font-family: times new roman, times, serif;color: #000000;font-size: 14pt\">W zwi\u0105zku ze zbli\u017caj\u0105c\u0105 si\u0119 dniem, \u00a0 6 grudnia,\u00a0 kt\u00f3ry wszystkim dzieciom,\u00a0 niezmiennie kojarzy si\u0119 z ma\u0142\u0105 niespodziank\u0105 i wizyt\u0105, prosz\u0119 o zasilanie konta Rady Rodzic\u00f3w. <\/span><\/p>\n<p><span style=\"color: #000000;font-family: times new roman, times, serif;font-size: 14pt\">Sprawmy, aby wszyscy tego dnia, mogli czu\u0107 si\u0119 obdarowani. \u00a0 \u00a0<\/span><\/p>\n<p><span style=\"color: #000000;font-size: 14pt\"><span style=\"font-family: times new roman, times, serif\">Konto Rady Rodzic\u00f3w. Pozdrawiamy.<\/span> <\/span><\/p>\n<p><a href=\"https:\/\/przedszkole18.edu.wroclaw.pl\/wp-content\/uploads\/sites\/36\/2020\/10\/rada-rodzicow-skladka-2020_2021.doc\">rada rodzic\u00f3w-sk\u0142adka 2020_2021<\/a><\/p>\n","protected":false},"excerpt":{"rendered":"<p>INFORMACJE RADY RODZIC\u00d3W ROK SZKOLNY\u00a0 2025\/2026\u00a0 &nbsp; Szanowni Pa\u0144stwo!\u00a0 Bardzo dzi\u0119kujemy,\u00a0 za tak du\u017ce z Waszej strony zaanga\u017cowanie w przygotowanie Jesiennego Kiermaszu &#8222;Witaminki dla ch\u0142opczyka i dziewczynki&#8221; Wasze zdrowe przek\u0105ski [&hellip;]<\/p>\n","protected":false},"author":144,"featured_media":0,"parent":0,"menu_order":0,"comment_status":"closed","ping_status":"closed","template":"","meta":{"ngg_post_thumbnail":0,"footnotes":""},"class_list":["post-619","page","type-page","status-publish","hentry","clearfix"],"_links":{"self":[{"href":"https:\/\/przedszkole18.edu.wroclaw.pl\/index.php\/wp-json\/wp\/v2\/pages\/619","targetHints":{"allow":["GET"]}}],"collection":[{"href":"https:\/\/przedszkole18.edu.wroclaw.pl\/index.php\/wp-json\/wp\/v2\/pages"}],"about":[{"href":"https:\/\/przedszkole18.edu.wroclaw.pl\/index.php\/wp-json\/wp\/v2\/types\/page"}],"author":[{"embeddable":true,"href":"https:\/\/przedszkole18.edu.wroclaw.pl\/index.php\/wp-json\/wp\/v2\/users\/144"}],"replies":[{"embeddable":true,"href":"https:\/\/przedszkole18.edu.wroclaw.pl\/index.php\/wp-json\/wp\/v2\/comments?post=619"}],"version-history":[{"count":26,"href":"https:\/\/przedszkole18.edu.wroclaw.pl\/index.php\/wp-json\/wp\/v2\/pages\/619\/revisions"}],"predecessor-version":[{"id":12964,"href":"https:\/\/przedszkole18.edu.wroclaw.pl\/index.php\/wp-json\/wp\/v2\/pages\/619\/revisions\/12964"}],"wp:attachment":[{"href":"https:\/\/przedszkole18.edu.wroclaw.pl\/index.php\/wp-json\/wp\/v2\/media?parent=619"}],"curies":[{"name":"wp","href":"https:\/\/api.w.org\/{rel}","templated":true}]}}