
{"id":747,"date":"2019-09-27T11:19:45","date_gmt":"2019-09-27T09:19:45","guid":{"rendered":"https:\/\/przedszkole18.edu.wroclaw.pl\/?page_id=747"},"modified":"2026-01-14T12:23:35","modified_gmt":"2026-01-14T11:23:35","slug":"oswiadczenie-w-sprawie-dostepnosci-serwisu-internetowego","status":"publish","type":"page","link":"https:\/\/przedszkole18.edu.wroclaw.pl\/index.php\/oswiadczenie-w-sprawie-dostepnosci-serwisu-internetowego\/","title":{"rendered":"O\u015aWIADCZENIE W SPRAWIE DOST\u0118PNO\u015aCI SERWISU INTERNETOWEGO"},"content":{"rendered":"<p><strong>O\u015aWIADCZENIE W SPRAWIE DOST\u0118PNO\u015aCI SERWISU INTERNETOWEGO <\/strong><\/p>\n<p><strong>PRZEDSZKOLA NR. 18 WE WROC\u0141AWIU<\/strong><\/p>\n<p><strong>&nbsp;<\/strong><\/p>\n<p><strong>Centrum Us\u0142ug Informatycznych<\/strong> <strong>we Wroc\u0142awiu<\/strong> zobowi\u0105zuje si\u0119 zapewni\u0107 dost\u0119pno\u015b\u0107 swoich stron internetowych oraz aplikacji mobilnych zgodnie z Ustaw\u0105 z dnia 21 lutego 2019 r. o dost\u0119pno\u015bci cyfrowej stron internetowych i&nbsp;aplikacji mobilnych podmiot\u00f3w publicznych.<\/p>\n<p><strong>Status pod wzgl\u0119dem zgodno\u015bci <\/strong><\/p>\n<ol start=\"2\">\n<li>Niniejsza strona internetowa jest w pe\u0142ni zgodna z Web Content Accessibility Guidelines (WCAG 2.0), wraz z&nbsp;cz\u0119\u015bciowym uwzgl\u0119dnieniem poziomu AAA, okre\u015blonych w za\u0142\u0105czniku nr 4 do rozporz\u0105dzenia Rady Ministr\u00f3w z dnia 12 kwietnia 2012 r. w sprawie Krajowych Ram Interoperacyjno\u015bci (Dz.U. z 2017 r. poz. 2247).<\/li>\n<\/ol>\n<p>&nbsp;<\/p>\n<p><strong>Przygotowanie o\u015bwiadczenia w sprawie dost\u0119pno\u015bci <\/strong><\/p>\n<p>Niniejsze o\u015bwiadczenie sporz\u0105dzono dnia <strong>27.09.2019 r.<\/strong><\/p>\n<p>O\u015bwiadczenie zosta\u0142o ostatnio poddane przegl\u0105dowi w dniu <strong>27.09.2019 r. <\/strong><\/p>\n<p>&nbsp;<\/p>\n<p><strong>Informacja o sposobie dokonania oceny<\/strong><\/p>\n<p>Ocena zosta\u0142a przeprowadzona zgodnie z list\u0105 kontroln\u0105 WCAG 2.0 na podstawie samooceny dokonanej przez organ sektora publicznego zgodnie z wytycznymi zawartymi w Podr\u0119czniku Dobrych Praktyk \u2013 WCAG 2.0&nbsp;<a href=\"http:\/\/widzialni.org\/\"><strong>Fundacji Widzialni<\/strong><\/a>, oraz narz\u0119dzia weryfikuj\u0105cego zawartego na stronie <a href=\"https:\/\/checkers.eiii.eu\/\">http:\/\/checkers.eiii.eu<\/a>, w kt\u00f3rym po analizie uzyskano wynik pozyty.<\/p>\n<p>&nbsp;<\/p>\n<p><strong>Skr\u00f3ty klawiszowe<\/strong><\/p>\n<p>Domy\u015ble skr\u00f3ty klawiszowe przegl\u0105darek internetowych.<\/p>\n<p><strong>Dost\u0119pno\u015b\u0107 architektoniczna siedziby <\/strong><\/p>\n<p>Siedziba Przedszkola nr. 18 we Wroc\u0142awiu mieszcz\u0105ca si\u0119 przy ulicy Henryka Sienkiewicza 85; 50-348 we&nbsp;Wroc\u0142awiu nie jest przystosowana dla os\u00f3b niepe\u0142nosprawnych.<\/p>\n<p><strong>Dost\u0119pno\u015b\u0107 t\u0142umacza j\u0119zyka migowego<\/strong><\/p>\n<p>Brak jest dost\u0119pno\u015bci t\u0142umacza j\u0119zyka migowego.<\/p>\n<p>&nbsp;<\/p>\n<p><strong>Informacje zwrotne i dane kontaktowe <\/strong><\/p>\n<p>Centrum Us\u0142ug Informatycznych dok\u0142ada wszelkich stara\u0144, aby u\u017cytkownicy serwisu internetowego https:\/\/przedszkole18.edu.wroclaw.pl\/ mieli pe\u0142ny dost\u0119p do jego tre\u015bci, mogli te tre\u015bci zrozumie\u0107 oraz aby wygodna nawigacja umo\u017cliwia\u0142a logiczne i intuicyjne korzystanie z serwisu. Staramy si\u0119 na bie\u017c\u0105co usuwa\u0107 stwierdzone bariery dost\u0119pno\u015bci strony internetowej https:\/\/przedszkole18.edu.wroclaw.pl\/.<\/p>\n<p>Je\u015bli stwierdzisz, \u017ce serwis https:\/\/przedszkole18.edu.wroclaw.pl\/ nie jest dla Ciebie w pe\u0142ni dost\u0119pny, prosimy skontaktuj si\u0119 z&nbsp;nami telefonicznie lub mailowo:<\/p>\n<p><strong>Centrum Us\u0142ug Informatycznych we Wroc\u0142awiu ul. Namys\u0142owska 8, IV pi\u0119tro (Centrum Biznesu &#8222;Grafit&#8221;) <\/strong><\/p>\n<p>50-304 Wroc\u0142aw<\/p>\n<p>tel. +48 71 777 90 32<\/p>\n<p>faks +48 71 798 44 90<\/p>\n<p>e-mail: cui@cui.wroclaw.pl<\/p>\n<p>&nbsp;<\/p>\n<p>lub<\/p>\n<p>&nbsp;<\/p>\n<p>z bezpo\u015brednio z osob\u0105 wyznaczon\u0105 do realizacji spraw w zakresie dost\u0119pno\u015bci cyfrowej:<\/p>\n<p><strong>Andrzej Walera<\/strong><\/p>\n<p>Administrator ds. Licencji<\/p>\n<p>Centrum Us\u0142ug Informatycznych we Wroc\u0142awiu Dzia\u0142 Administracji Systemami Informatycznymi<\/p>\n<p>tel.: <a href=\"+48%2071%20798%2064%2018\">+48 71 777 99 14<\/a><br \/>\ntel. kom.: +48&nbsp;664 151 693<\/p>\n<p>andrzej.walera@cui.wroclaw.pl<\/p>\n<p><strong>&nbsp;<\/strong><\/p>\n<p><strong>Post\u0119powanie odwo\u0142awcze <\/strong><\/p>\n<p><strong>&nbsp;<\/strong><\/p>\n<p>W przypadku niezadowalaj\u0105cej odpowiedzi na powiadomienie lub wniosek przes\u0142any zgodnie z art. 7 ust. 1 lit. b) Decyzji wykonawczej Komisji (UE) 2018\/1523 z dnia 11 pa\u017adziernika 2018 r. nale\u017cy skontaktowa\u0107 si\u0119 z Rzecznikiem Praw Obywatelskich:<\/p>\n<p>www.rpo.gov.pl\/content\/kontakt<\/p>\n<p><strong>Data publikacji witryny: 08.06.2018 r. <\/strong><\/p>\n<p><strong>Data ostatniej aktualizacji: 27.09.2019 r. <\/strong><\/p>\n<p>&nbsp;<\/p>\n<p><strong>Przydatne linki<\/strong><\/p>\n<ul>\n<li><a href=\"http:\/\/www.w3.org\/TR\/WCAG20\/\"><strong>Web Content Accessibility Guidelines 2.0<\/strong><\/a><\/li>\n<li><a href=\"http:\/\/www.fdc.org.pl\/wcag2\/\"><strong>Polskie t\u0142umaczenie WCAG<\/strong><\/a><\/li>\n<li><a href=\"https:\/\/www.rpo.gov.pl\/\"><strong>Rzecznik Praw Obywatelskich<\/strong><\/a><\/li>\n<\/ul>\n","protected":false},"excerpt":{"rendered":"<p>O\u015aWIADCZENIE W SPRAWIE DOST\u0118PNO\u015aCI SERWISU INTERNETOWEGO PRZEDSZKOLA NR. 18 WE WROC\u0141AWIU &nbsp; Centrum Us\u0142ug Informatycznych we Wroc\u0142awiu zobowi\u0105zuje si\u0119 zapewni\u0107 dost\u0119pno\u015b\u0107 swoich stron internetowych oraz aplikacji mobilnych zgodnie z Ustaw\u0105 [&hellip;]<\/p>\n","protected":false},"author":15,"featured_media":0,"parent":0,"menu_order":0,"comment_status":"closed","ping_status":"closed","template":"","meta":{"ngg_post_thumbnail":0,"footnotes":""},"class_list":["post-747","page","type-page","status-publish","hentry","clearfix"],"_links":{"self":[{"href":"https:\/\/przedszkole18.edu.wroclaw.pl\/index.php\/wp-json\/wp\/v2\/pages\/747","targetHints":{"allow":["GET"]}}],"collection":[{"href":"https:\/\/przedszkole18.edu.wroclaw.pl\/index.php\/wp-json\/wp\/v2\/pages"}],"about":[{"href":"https:\/\/przedszkole18.edu.wroclaw.pl\/index.php\/wp-json\/wp\/v2\/types\/page"}],"author":[{"embeddable":true,"href":"https:\/\/przedszkole18.edu.wroclaw.pl\/index.php\/wp-json\/wp\/v2\/users\/15"}],"replies":[{"embeddable":true,"href":"https:\/\/przedszkole18.edu.wroclaw.pl\/index.php\/wp-json\/wp\/v2\/comments?post=747"}],"version-history":[{"count":12,"href":"https:\/\/przedszkole18.edu.wroclaw.pl\/index.php\/wp-json\/wp\/v2\/pages\/747\/revisions"}],"predecessor-version":[{"id":13133,"href":"https:\/\/przedszkole18.edu.wroclaw.pl\/index.php\/wp-json\/wp\/v2\/pages\/747\/revisions\/13133"}],"wp:attachment":[{"href":"https:\/\/przedszkole18.edu.wroclaw.pl\/index.php\/wp-json\/wp\/v2\/media?parent=747"}],"curies":[{"name":"wp","href":"https:\/\/api.w.org\/{rel}","templated":true}]}}