
{"id":807,"date":"2020-03-19T08:20:57","date_gmt":"2020-03-19T07:20:57","guid":{"rendered":"https:\/\/przedszkole18.edu.wroclaw.pl\/?page_id=807"},"modified":"2026-04-13T10:27:14","modified_gmt":"2026-04-13T08:27:14","slug":"oplaty","status":"publish","type":"page","link":"https:\/\/przedszkole18.edu.wroclaw.pl\/index.php\/oplaty\/","title":{"rendered":"Jad\u0142ospisy"},"content":{"rendered":"<p><strong><span style=\"font-size: 14pt;color: #003366\"><em><img loading=\"lazy\" decoding=\"async\" class=\"size-medium wp-image-7215 aligncenter\" src=\"https:\/\/przedszkole18.edu.wroclaw.pl\/wp-content\/uploads\/sites\/36\/2022\/09\/kucharz-gif-ruchomy-300x290.gif\" alt=\"\" width=\"300\" height=\"290\" \/><\/em><\/span><\/strong><\/p>\n<p style=\"text-align: center\"><strong><em><span style=\"font-size: 14pt;color: #003366\">Drodzy rodzice i dzieci. <\/span><br \/>\n<\/em><\/strong><\/p>\n<p style=\"text-align: center\"><span style=\"font-size: 14pt;color: #003366\"><em> W przedszkolu mamy w\u0142asn\u0105 kuchni\u0119, w kt\u00f3rej Panie kucharki gotuj\u0105 pyszne posi\u0142ki dla naszych wychowank\u00f3w. Przedszkole nie ma diet, z uwagi na brak mo\u017cliwo\u015bci dostosowania bloki \u017cywienia do takich dzia\u0142a\u0144. <\/em><\/span><\/p>\n<p style=\"text-align: center\"><span style=\"font-size: 14pt;color: #003366\"><em>Postaramy si\u0119 zamieszcza\u0107 jad\u0142ospisy na bie\u017c\u0105co, je\u017celi co\u015b zak\u0142\u00f3ci takie dzia\u0142anie,\u00a0 mo\u017cna si\u0119 z nim zapozna\u0107 w holu przedszkola obok drzwi wej\u015bciowych.\u00a0 Wszystkim dzieciom \u017cyczymy smacznego.<\/em>\u00a0<\/span><strong><br \/>\n<\/strong><\/p>\n<p>&nbsp;<\/p>\n<p style=\"text-align: center\"><span style=\"font-size: 14pt;color: #008000\"><em><strong>\u015aniadanie Wielkanocne 2026\u00a0 &#8211; tradycyjnie i smacznie .\u00a0<\/strong><\/em><\/span><\/p>\n<p><img loading=\"lazy\" decoding=\"async\" class=\"alignnone size-medium wp-image-13400\" src=\"https:\/\/przedszkole18.edu.wroclaw.pl\/wp-content\/uploads\/sites\/36\/2026\/04\/1000025876-225x300.jpg\" alt=\"\" width=\"225\" height=\"300\" srcset=\"https:\/\/przedszkole18.edu.wroclaw.pl\/wp-content\/uploads\/sites\/36\/2026\/04\/1000025876-225x300.jpg 225w, https:\/\/przedszkole18.edu.wroclaw.pl\/wp-content\/uploads\/sites\/36\/2026\/04\/1000025876-768x1024.jpg 768w, https:\/\/przedszkole18.edu.wroclaw.pl\/wp-content\/uploads\/sites\/36\/2026\/04\/1000025876-1152x1536.jpg 1152w, https:\/\/przedszkole18.edu.wroclaw.pl\/wp-content\/uploads\/sites\/36\/2026\/04\/1000025876.jpg 1500w\" sizes=\"auto, (max-width: 225px) 100vw, 225px\" \/><img loading=\"lazy\" decoding=\"async\" class=\"alignnone size-medium wp-image-13401\" src=\"https:\/\/przedszkole18.edu.wroclaw.pl\/wp-content\/uploads\/sites\/36\/2026\/04\/1000025882-225x300.jpg\" alt=\"\" width=\"225\" height=\"300\" srcset=\"https:\/\/przedszkole18.edu.wroclaw.pl\/wp-content\/uploads\/sites\/36\/2026\/04\/1000025882-225x300.jpg 225w, https:\/\/przedszkole18.edu.wroclaw.pl\/wp-content\/uploads\/sites\/36\/2026\/04\/1000025882-768x1024.jpg 768w, https:\/\/przedszkole18.edu.wroclaw.pl\/wp-content\/uploads\/sites\/36\/2026\/04\/1000025882-1152x1536.jpg 1152w, https:\/\/przedszkole18.edu.wroclaw.pl\/wp-content\/uploads\/sites\/36\/2026\/04\/1000025882.jpg 1500w\" sizes=\"auto, (max-width: 225px) 100vw, 225px\" \/><img loading=\"lazy\" decoding=\"async\" class=\"alignnone size-medium wp-image-13402\" src=\"https:\/\/przedszkole18.edu.wroclaw.pl\/wp-content\/uploads\/sites\/36\/2026\/04\/1000025885-225x300.jpg\" alt=\"\" width=\"225\" height=\"300\" srcset=\"https:\/\/przedszkole18.edu.wroclaw.pl\/wp-content\/uploads\/sites\/36\/2026\/04\/1000025885-225x300.jpg 225w, https:\/\/przedszkole18.edu.wroclaw.pl\/wp-content\/uploads\/sites\/36\/2026\/04\/1000025885-768x1024.jpg 768w, https:\/\/przedszkole18.edu.wroclaw.pl\/wp-content\/uploads\/sites\/36\/2026\/04\/1000025885-1152x1536.jpg 1152w, https:\/\/przedszkole18.edu.wroclaw.pl\/wp-content\/uploads\/sites\/36\/2026\/04\/1000025885.jpg 1500w\" sizes=\"auto, (max-width: 225px) 100vw, 225px\" \/><img loading=\"lazy\" decoding=\"async\" class=\"alignnone size-medium wp-image-13403\" src=\"https:\/\/przedszkole18.edu.wroclaw.pl\/wp-content\/uploads\/sites\/36\/2026\/04\/1775198631727-300x225.jpg\" alt=\"\" width=\"300\" height=\"225\" srcset=\"https:\/\/przedszkole18.edu.wroclaw.pl\/wp-content\/uploads\/sites\/36\/2026\/04\/1775198631727-300x225.jpg 300w, https:\/\/przedszkole18.edu.wroclaw.pl\/wp-content\/uploads\/sites\/36\/2026\/04\/1775198631727-1024x768.jpg 1024w, https:\/\/przedszkole18.edu.wroclaw.pl\/wp-content\/uploads\/sites\/36\/2026\/04\/1775198631727-768x576.jpg 768w, https:\/\/przedszkole18.edu.wroclaw.pl\/wp-content\/uploads\/sites\/36\/2026\/04\/1775198631727-1536x1152.jpg 1536w, https:\/\/przedszkole18.edu.wroclaw.pl\/wp-content\/uploads\/sites\/36\/2026\/04\/1775198631727.jpg 2000w\" sizes=\"auto, (max-width: 300px) 100vw, 300px\" \/><\/p>\n<p><a href=\"https:\/\/przedszkole18.edu.wroclaw.pl\/wp-content\/uploads\/sites\/36\/2026\/01\/Jadlospis-12-16.01.2026.docx\">Jad\u0142ospis 12-16.01.2026<\/a><\/p>\n<p><a href=\"https:\/\/przedszkole18.edu.wroclaw.pl\/wp-content\/uploads\/sites\/36\/2026\/01\/Jadlospis-19-23.01.2026.docx\">Jad\u0142ospis 19-23.01.2026<\/a><\/p>\n<p><a href=\"https:\/\/przedszkole18.edu.wroclaw.pl\/wp-content\/uploads\/sites\/36\/2026\/01\/Jadlospis-26-30.01.2026.docx\">Jad\u0142ospis 26-30.01.2026<\/a><\/p>\n<p><a href=\"https:\/\/przedszkole18.edu.wroclaw.pl\/wp-content\/uploads\/sites\/36\/2026\/02\/Jadlospis-02-06.02.2026.docx\">Jad\u0142ospis 02-06.02.2026<\/a><\/p>\n<p><a href=\"https:\/\/przedszkole18.edu.wroclaw.pl\/wp-content\/uploads\/sites\/36\/2026\/02\/Jadlospis-09-13.02.2026.docx\">Jad\u0142ospis 09-13.02.2026<\/a><\/p>\n<p><a href=\"https:\/\/przedszkole18.edu.wroclaw.pl\/wp-content\/uploads\/sites\/36\/2026\/02\/Jadlospis-16-20.02.2026.docx\">Jad\u0142ospis 16-20.02.2026<\/a><\/p>\n<p><a href=\"https:\/\/przedszkole18.edu.wroclaw.pl\/wp-content\/uploads\/sites\/36\/2026\/02\/Jadlospis-23-27.02.2026.docx\">Jad\u0142ospis 23-27.02.2026<\/a><\/p>\n<p><a href=\"https:\/\/przedszkole18.edu.wroclaw.pl\/wp-content\/uploads\/sites\/36\/2026\/03\/Jadlospis02-06.2026.docx\">Jad\u0142ospis02-06.2026<\/a><\/p>\n<p><a href=\"https:\/\/przedszkole18.edu.wroclaw.pl\/wp-content\/uploads\/sites\/36\/2026\/03\/Jadlospis-09-13.03.2026.docx\">Jad\u0142ospis 09-13.03.2026<\/a><\/p>\n<p><a href=\"https:\/\/przedszkole18.edu.wroclaw.pl\/wp-content\/uploads\/sites\/36\/2026\/03\/JadLospis-16-20.03.2026.docx\">Jad\u0141ospis 16-20.03.2026<\/a><\/p>\n<p><a href=\"https:\/\/przedszkole18.edu.wroclaw.pl\/wp-content\/uploads\/sites\/36\/2026\/03\/Jadlospis-30.03-03.04.2026.docx\">Jad\u0142ospis 30.03-03.04.2026<\/a><\/p>\n<p><a href=\"https:\/\/przedszkole18.edu.wroclaw.pl\/wp-content\/uploads\/sites\/36\/2026\/04\/Jadlospis-07-10.04.2026.docx\">Jad\u0142ospis 07-10.04.2026<\/a><\/p>\n<p><a href=\"https:\/\/przedszkole18.edu.wroclaw.pl\/wp-content\/uploads\/sites\/36\/2026\/04\/Jadlospis-13-17.04.2026.docx\">Jad\u0142ospis 13-17.04.2026<\/a><\/p>\n","protected":false},"excerpt":{"rendered":"<p>Drodzy rodzice i dzieci. W przedszkolu mamy w\u0142asn\u0105 kuchni\u0119, w kt\u00f3rej Panie kucharki gotuj\u0105 pyszne posi\u0142ki dla naszych wychowank\u00f3w. Przedszkole nie ma diet, z uwagi na brak mo\u017cliwo\u015bci dostosowania bloki [&hellip;]<\/p>\n","protected":false},"author":144,"featured_media":0,"parent":0,"menu_order":0,"comment_status":"closed","ping_status":"closed","template":"","meta":{"ngg_post_thumbnail":0,"footnotes":""},"class_list":["post-807","page","type-page","status-publish","hentry","clearfix"],"_links":{"self":[{"href":"https:\/\/przedszkole18.edu.wroclaw.pl\/index.php\/wp-json\/wp\/v2\/pages\/807","targetHints":{"allow":["GET"]}}],"collection":[{"href":"https:\/\/przedszkole18.edu.wroclaw.pl\/index.php\/wp-json\/wp\/v2\/pages"}],"about":[{"href":"https:\/\/przedszkole18.edu.wroclaw.pl\/index.php\/wp-json\/wp\/v2\/types\/page"}],"author":[{"embeddable":true,"href":"https:\/\/przedszkole18.edu.wroclaw.pl\/index.php\/wp-json\/wp\/v2\/users\/144"}],"replies":[{"embeddable":true,"href":"https:\/\/przedszkole18.edu.wroclaw.pl\/index.php\/wp-json\/wp\/v2\/comments?post=807"}],"version-history":[{"count":168,"href":"https:\/\/przedszkole18.edu.wroclaw.pl\/index.php\/wp-json\/wp\/v2\/pages\/807\/revisions"}],"predecessor-version":[{"id":13423,"href":"https:\/\/przedszkole18.edu.wroclaw.pl\/index.php\/wp-json\/wp\/v2\/pages\/807\/revisions\/13423"}],"wp:attachment":[{"href":"https:\/\/przedszkole18.edu.wroclaw.pl\/index.php\/wp-json\/wp\/v2\/media?parent=807"}],"curies":[{"name":"wp","href":"https:\/\/api.w.org\/{rel}","templated":true}]}}