
{"id":813,"date":"2020-03-19T08:27:33","date_gmt":"2020-03-19T07:27:33","guid":{"rendered":"https:\/\/przedszkole18.edu.wroclaw.pl\/?page_id=813"},"modified":"2025-10-14T16:23:30","modified_gmt":"2025-10-14T14:23:30","slug":"przerwa-wakacyjna","status":"publish","type":"page","link":"https:\/\/przedszkole18.edu.wroclaw.pl\/index.php\/przerwa-wakacyjna\/","title":{"rendered":"Przerwa wakacyjna"},"content":{"rendered":"<p>&nbsp;<\/p>\n<p style=\"text-align: center\"><span style=\"font-size: 18pt;color: #008000\"><strong>Roku szkolnym\u00a0 2025 \/ 2026<\/strong><\/span><\/p>\n<p>&nbsp;<\/p>\n<p style=\"text-align: center\"><span style=\"font-size: 14pt;color: #003366\"><strong>\u00a0Zgodnie z arkuszem organizacji pracy plac\u00f3wki i opini\u0105 Rady Rodzic\u00f3w przerwa wakacyjna zaplanowana jest na czas <\/strong><\/span><\/p>\n<p style=\"text-align: center\"><span style=\"font-size: 14pt;color: #003366\"><strong>od 01.07.2026 r.\u00a0 do 31.07.2026 r. <\/strong><\/span><\/p>\n<p style=\"text-align: center\"><span style=\"font-size: 14pt;color: #003366\"><strong>Jak zawsze Szanowni Pa\u0144stwo planuj\u0105c urlop wypoczynkowy prosz\u0119 wzi\u0105\u0107 pod uwag\u0119 powy\u017csz\u0105 informacj\u0119.\u00a0 <\/strong><\/span><\/p>\n<p style=\"text-align: center\"><span style=\"font-size: 14pt;color: #003366\"><strong>Przedszkola dy\u017curuj\u0105ce w czasie naszego zamkni\u0119cia s\u0105 dost\u0119pne, ilo\u015b\u0107 miejsc ograniczona.\u00a0<\/strong><\/span><\/p>\n<p style=\"text-align: center\"><span style=\"font-size: 14pt;color: #008000\"><strong>Z informacji przekazywanych przez rodzic\u00f3w i dzieci,\u00a0 cytuj\u0119\u00a0 &#8222;&#8230;.. najlepiej czujemy si\u0119 w naszym przedszkolu&#8230;.&#8221;\u00a0<\/strong><\/span><\/p>\n<p style=\"text-align: center\"><span style=\"font-size: 14pt;color: #003366\"><strong>Wszystkie wa\u017cne daty i informacje dotycz\u0105ce przerwy wakacyjnej,\u00a0 przeka\u017cemy we w\u0142a\u015bciwym czasie.\u00a0\u00a0<\/strong><\/span><\/p>\n<p>&nbsp;<\/p>\n<p>&nbsp;<\/p>\n<p style=\"text-align: center\"><span style=\"font-size: 18pt;color: #003366\"><em><strong>ROK SZKOLNY 2024\/2025<\/strong> <\/em><\/span><\/p>\n<p><span style=\"color: #0000ff\"><em><strong><span style=\"font-size: 14pt\"> W bie\u017c\u0105cym roku szkolnym zgodnie z arkuszem organizacji pracy plac\u00f3wki i opini\u0105 Rady Rodzic\u00f3w przerwa wakacyjna zaplanowana jest na czas od 01.08.2025 r.\u00a0 do 31.08.2025 r. Jak zawsze Szanowni Pa\u0144stwo planuj\u0105c urlop wypoczynkowy prosz\u0119 wzi\u0105\u0107 pod uwag\u0119 powy\u017csz\u0105 informacj\u0119.\u00a0 Przedszkola dy\u017curuj\u0105ce w czasie naszego zamkni\u0119cia s\u0105 dost\u0119pne, ilo\u015b\u0107 miejsc ograniczona. Wa\u017cne daty.<\/span><\/strong><\/em><\/span><\/p>\n<p><span style=\"color: #008080;font-size: 14pt\"><strong>1.\u00a0 Do 31 maja deklaracje rodzic\u00f3w o korzystaniu z plac\u00f3wki od 01-31.07.2025 z okre\u015bleniem\u00a0 potrzeby w ka\u017cdym tygodniu.<a href=\"https:\/\/przedszkole18.edu.wroclaw.pl\/wp-content\/uploads\/sites\/36\/2025\/05\/Deklaracja-lipiec-2025.doc\">Deklaracja lipiec 2025<\/a><\/strong><\/span><\/p>\n<p><span style=\"color: #008080;font-size: 14pt\"><strong>2.\u00a0 Do 31.05.2025\u00a0 z\u0142o\u017cenie podania\u00a0 przez rodzica wraz z uzasadnieniem o konieczno\u015bci korzystania z innego przedszkola w czasie zamkni\u0119cia plac\u00f3wki macierzystej.<br \/>\n<\/strong><\/span><\/p>\n<p><span style=\"color: #008080;font-size: 14pt\"><strong>3.\u00a0 Do 15.06.2025 \u00a0 rozpatrywanie wniosk\u00f3w od rodzic\u00f3w , wskazanie rodzicom plac\u00f3wki, z kt\u00f3rej mo\u017ce skorzysta\u0107 dziecko w czasie przerwy wakacyjnej w plac\u00f3wce macierzystej.\u00a0<\/strong><\/span><\/p>\n<p>&nbsp;<\/p>\n<p>&nbsp;<\/p>\n<p>&#8230;&#8230;&#8230;&#8230;&#8230;&#8230;&#8230;&#8230;&#8230;&#8230;&#8230;&#8230;&#8230;&#8230;&#8230;&#8230;&#8230;&#8230;&#8230;&#8230;&#8230;&#8230;&#8230;&#8230;&#8230;&#8230;&#8230;&#8230;&#8230;&#8230;&#8230;&#8230;&#8230;&#8230;&#8230;&#8230;&#8230;&#8230;&#8230;&#8230;&#8230;&#8230;&#8230;&#8230;&#8230;&#8230;&#8230;&#8230;&#8230;&#8230;&#8230;&#8230;&#8230;&#8230;&#8230;&#8230;&#8230;&#8230;&#8230;&#8230;&#8230;&#8230;&#8230;&#8230;&#8230;&#8230;&#8230;&#8230;&#8230;&#8230;&#8230;&#8230;&#8230;&#8230;&#8230;&#8230;&#8230;&#8230;&#8230;&#8230;&#8230;&#8230;&#8230;&#8230;&#8230;&#8230;&#8230;&#8230;&#8230;&#8230;&#8230;&#8230;&#8230;&#8230;&#8230;&#8230;&#8230;&#8230;&#8230;&#8230;&#8230;&#8230;&#8230;&#8230;.<\/p>\n<p style=\"text-align: center\"><span style=\"font-size: 18pt;color: #000080\"><em><strong>Rok szkolny 2023\/2024<\/strong> <\/em><\/span><\/p>\n<p><span style=\"color: #008000;font-size: 14pt\">W bie\u017c\u0105cym roku szkolnym zgodnie z arkuszem organizacji pracy plac\u00f3wki i opini\u0105 Rady Rodzic\u00f3w przerwa wakacyjna zaplanowana jest na czas od 01.07.2024\u00a0 do 31.07.2024. Jak zawsze Szanowni Pa\u0144stwo planuj\u0105c urlop wypoczynkowy prosz\u0119 wzi\u0105\u0107 pod uwag\u0119 powy\u017csz\u0105 informacj\u0119.\u00a0 Przedszkola dy\u017curuj\u0105ce w czasie naszego zamkni\u0119cia s\u0105 dost\u0119pne ale ilo\u015b\u0107 miejsc ograniczona. Wa\u017cne daty.<br \/>\n<\/span><\/p>\n<p><em><span style=\"color: #0000ff\">1.<\/span>\u00a0 <span style=\"color: #0000ff\">Do 31 maja deklaracje rodzic\u00f3w o korzystaniu z plac\u00f3wki od 01-31.08.2024 z okre\u015bleniem\u00a0 potrzeby w ka\u017cdym tygodniu.<\/span><\/em><\/p>\n<p><span style=\"color: #0000ff\"><em>2<\/em>.\u00a0 <em>Do 31 maja z\u0142o\u017cenie podania\u00a0 przez rodzica wraz z uzasadnieniem o konieczno\u015bci korzystania z innego przedszkola w czasie zamkni\u0119cia plac\u00f3wki macierzystej.<br \/>\n<\/em><\/span><\/p>\n<p><span style=\"color: #0000ff\">3.\u00a0 <em>Do 15 czerwca rozpatrywanie wniosk\u00f3w od rodzic\u00f3w , wskazanie rodzicom plac\u00f3wki, z kt\u00f3rej mo\u017ce skorzysta\u0107 dziecko w czasie przerwy wakacyjnej w plac\u00f3wce macierzystej.\u00a0<\/em><\/span><\/p>\n<p style=\"text-align: center\"><span style=\"color: #0000ff\"><a href=\"https:\/\/przedszkole18.edu.wroclaw.pl\/wp-content\/uploads\/sites\/36\/2024\/05\/Deklaracja-sierpien-2024-.docx\">Deklaracja sierpie\u0144 2024<\/a>\u00a0<\/span><\/p>\n<p><span style=\"color: #ff0000\">&#8212;&#8212;&#8212;&#8212;&#8212;&#8212;&#8212;&#8212;&#8212;&#8212;&#8212;&#8212;&#8212;&#8212;&#8212;&#8212;&#8212;&#8212;&#8212;&#8212;&#8212;&#8212;&#8212;&#8212;&#8212;&#8212;&#8212;&#8212;&#8212;&#8212;&#8212;&#8212;&#8212;&#8212;&#8212;&#8212;&#8212;&#8212;&#8212;&#8212;&#8212;&#8212;&#8212;&#8212;&#8212;&#8212;&#8212;&#8212;&#8212;&#8212;&#8212;&#8212;&#8212;&#8212;&#8212;&#8212;&#8212;&#8212;&#8212;&#8212;&#8212;&#8212;&#8212;&#8212;&#8212;&#8212;&#8212;&#8212;&#8212;&#8212;&#8212;&#8212;&#8212;&#8212;&#8212;&#8212;<\/span><\/p>\n<p>&nbsp;<\/p>\n<p>&nbsp;<\/p>\n<p style=\"text-align: center\"><span style=\"font-size: 18pt\"><strong><em><span style=\"color: #000080\">Rok szkolny 2022\/ 2023<\/span> <\/em><\/strong><\/span><\/p>\n<p><em>Szanowni Pa\u0144stwo ! Wzorem lat ubieg\u0142ych na spotkaniach organizacyjnych zostali\u015bcie Pa\u0144stwo poinformowani o przerwie wakacyjnej ten rok szkolny to miesi\u0105c sierpie\u0144, zgodnie\u00a0 z arkuszem organizacji i wsp\u00f3lnie z Wami podj\u0119t\u0105 decyzj\u0105.\u00a0 Planuj\u0105c urlop\u00a0 prosz\u0119 pami\u0119ta\u0107 o terminie zamkni\u0119cia plac\u00f3wki.\u00a0<\/em><\/p>\n<p style=\"text-align: center\"><span style=\"font-size: 18pt\"><strong>Deklaracja korzystania z przedszkola w czasie przerwy wakacyjnej. <a href=\"https:\/\/przedszkole18.edu.wroclaw.pl\/wp-content\/uploads\/sites\/36\/2023\/05\/Deklaracja-wakacje-.doc\">Deklaracja &#8211; wakacje<\/a><\/strong><\/span><\/p>\n<p>&nbsp;<\/p>\n<p style=\"text-align: center\"><span style=\"font-size: 18pt\"><strong><em><span style=\"color: #800000\"> Przerwa wakacyjna 01.08.2023 &#8211; 31.08.2023<\/span> <\/em><\/strong><\/span><\/p>\n<p>&nbsp;<\/p>\n<p style=\"text-align: center\"><span style=\"font-size: 18pt;color: #000080\"><em><span style=\"font-family: arial black, sans-serif\"><span style=\"color: #000000\">Rok szkolny 2021 \/ 2022<\/span><\/span><strong><br \/>\n<\/strong><\/em><\/span><\/p>\n<p><span style=\"color: #008000\"><em><span style=\"font-size: 14pt\"><span style=\"color: #000000\"><span style=\"font-family: times new roman, times, serif\">Szanowni Pa\u0144stwo ! Na zebraniach organizowanych we wrze\u015bniu,\u00a0 zostali\u015bcie Pa\u0144stwo wst\u0119pnie poinformowani o planowanym terminie przerwy wakacyjnej\/ lipiec\/\u00a0 w bie\u017c\u0105cym roku szkolnym.\u00a0 Spotkanie dyrektora z Rad\u0105 Rodzic\u00f3w,\u00a0 to tak\u017ce czas na wsp\u00f3lne ustalenia w tym temacie. Podj\u0119li\u015bmy zatem wsp\u00f3lnie decyzje o<\/span> <strong>przerwie wakacyjnej w terminie 01- 31.07.2022 roku<\/strong>. Prosz\u0119 zatem o takie planowanie urlop\u00f3w, by sp\u0119dzenie czasu z dzie\u0107mi by\u0142o mo\u017cliwe w\u0142a\u015bnie w tym czasie.\u00a0 Oczywi\u015bcie zgodnie z zapisem w\u00a0 Statucie\u00a0 Przedszkola,\u00a0 w sytuacjach trudnych\u00a0 s\u0142u\u017c\u0119 wsparciem i pomoc\u0105.<\/span><br \/>\n<\/span><\/em><\/span><\/p>\n<p><em><span style=\"font-size: 14pt\">Zgodnie z harmonogramem dotycz\u0105cym jednolitego we wszystkich plac\u00f3wkach publicznych, systemu opieki wakacyjnej przekazuj\u0119 Pa\u0144stwu dokumenty, kt\u00f3re nale\u017cy przekaza\u0107 do plac\u00f3wki do 31 maja 2022 roku. Od 4\u00a0 maja b\u0119dzie wystawiona skrzynka,\u00a0 do kt\u00f3rej nale\u017cy z\u0142o\u017cy\u0107 deklaracj\u0119 korzystania z przedszkola w terminie od 01 -31. 08.2022 roku. Pa\u0144stwa deklaracja jest niezb\u0119dna w ustaleniu ilo\u015bci grup pracuj\u0105cych w tym czasie jak i ustaleniu mo\u017cliwo\u015bci przyj\u0119cia dzieci z innych plac\u00f3wek.<\/span><\/em><\/p>\n<p><em><span style=\"font-size: 14pt\"><a href=\"https:\/\/przedszkole18.edu.wroclaw.pl\/wp-content\/uploads\/sites\/36\/2022\/04\/Deklaracja-wakacje-2022-.doc\">Deklaracja -wakacje 2022-doc.32KB<\/a><\/span><\/em><\/p>\n<p><em><span style=\"font-size: 14pt\">\u00a01. Do 31 maja deklaracje rodzic\u00f3w o korzystaniu z plac\u00f3wki od 01-31.08.2022 z okre\u015bleniem\u00a0 potrzeby w ka\u017cdym tygodniu.<\/span><\/em><\/p>\n<p><em><span style=\"font-size: 14pt\">2<\/span><\/em>. <em><span style=\"font-size: 14pt\">Do 31 maja z\u0142o\u017cenie podania\u00a0 przez rodzica wraz z uzasadnieniem o konieczno\u015bci korzystania z innego przedszkola.<\/span><\/em><\/p>\n<p>3. <em><span style=\"font-size: 14pt\">Do 15 czerwca rozpatrywanie wniosk\u00f3w od rodzic\u00f3w , wskazanie rodzicom plac\u00f3wki, z kt\u00f3rej mo\u017ce skorzysta\u0107 dziecko w czasie przerwy wakacyjnej w plac\u00f3wce macierzystej.\u00a0<\/span> <\/em><\/p>\n<p>&nbsp;<\/p>\n<p>&nbsp;<\/p>\n<p style=\"text-align: center\"><span style=\"font-size: 18pt\"><strong><em>Rok szkolny 2020\/2021 <\/em><\/strong><\/span><\/p>\n<p><span style=\"color: #000000;font-family: times new roman, times, serif;font-size: 14pt\">Szanowni Pa\u0144stwo zgodnie z wynikami ankiety przeprowadzonej w\u015br\u00f3d rodzic\u00f3w naszych wychowank\u00f3w, przerwa wakacyjna w bie\u017c\u0105cym roku szkolnym przewidziana jest od 01.08.2021r.\u00a0 do 31.08.20201r. \u00a0 <\/span><\/p>\n<p><img loading=\"lazy\" decoding=\"async\" class=\"alignnone size-medium wp-image-2502\" src=\"https:\/\/przedszkole18.edu.wroclaw.pl\/wp-content\/uploads\/sites\/36\/2020\/10\/Wyniki-glosowania--300x256.jpg\" alt=\"\" width=\"300\" height=\"256\" srcset=\"https:\/\/przedszkole18.edu.wroclaw.pl\/wp-content\/uploads\/sites\/36\/2020\/10\/Wyniki-glosowania--300x256.jpg 300w, https:\/\/przedszkole18.edu.wroclaw.pl\/wp-content\/uploads\/sites\/36\/2020\/10\/Wyniki-glosowania--1024x874.jpg 1024w, https:\/\/przedszkole18.edu.wroclaw.pl\/wp-content\/uploads\/sites\/36\/2020\/10\/Wyniki-glosowania--768x655.jpg 768w, https:\/\/przedszkole18.edu.wroclaw.pl\/wp-content\/uploads\/sites\/36\/2020\/10\/Wyniki-glosowania--600x512.jpg 600w, https:\/\/przedszkole18.edu.wroclaw.pl\/wp-content\/uploads\/sites\/36\/2020\/10\/Wyniki-glosowania--624x532.jpg 624w, https:\/\/przedszkole18.edu.wroclaw.pl\/wp-content\/uploads\/sites\/36\/2020\/10\/Wyniki-glosowania-.jpg 1036w\" sizes=\"auto, (max-width: 300px) 100vw, 300px\" \/><\/p>\n<p><span style=\"color: #000000;font-family: times new roman, times, serif;font-size: 14pt\">To informacja na bie\u017c\u0105c\u0105 chwil\u0119, jak faktycznie b\u0119dzie to wygl\u0105da\u0142o poka\u017ce czas. <\/span><\/p>\n<p><span style=\"color: #000000;font-size: 14pt;font-family: times new roman, times, serif\">Ju\u017c wiemy co z wakacjami!\u00a0 Wype\u0142niona przez Pa\u0144stwa ankieta, informacja przes\u0142ana do Departamentu Edukacji z akceptacj\u0105 Rady Rodzic\u00f3w i panuj\u0105ca w kraju sytuacja epidemiczna da\u0142a nam mo\u017cliwo\u015b\u0107 zaplanowania przerwy wakacyjnej w sierpniu.\u00a0<\/span><\/p>\n<p><span style=\"color: #000000;font-size: 14pt;font-family: times new roman, times, serif\"> Wa\u017cne terminy zawarte tak\u017ce w STATUCIE plac\u00f3wki : <\/span><\/p>\n<ol>\n<li><span style=\"color: #000000;font-family: times new roman, times, serif;font-size: 14pt\">do 31 maja 2021 r.,\u00a0 zebranie od rodzic\u00f3w\u00a0 deklaracji korzystania z przedszkola w sezonie wakacyjnym.<\/span><\/li>\n<li><span style=\"color: #000000;font-family: times new roman, times, serif;font-size: 14pt\">do 31 maja 2021r., sk\u0142adanie wniosk\u00f3w zapewnienie miejsca w przedszkolu dy\u017curuj\u0105cym w okresie zamkni\u0119cia plac\u00f3wki macierzystej\u00a0<\/span><\/li>\n<li><span style=\"color: #000000;font-family: times new roman, times, serif;font-size: 14pt\">do 15 czerwca przedstawia rodzicowi sk\u0142adaj\u0105cemu wniosek o przedszkole dy\u017curuj\u0105ce propozycji wolnych miejsc w innej plac\u00f3wce<\/span><\/li>\n<li><span style=\"color: #000000;font-family: times new roman, times, serif;font-size: 14pt\">do 25 czerwca podpisanie deklaracji w przedszkolu dy\u017curuj\u0105cym <\/span><\/li>\n<\/ol>\n<p><span style=\"color: #000000;font-family: times new roman, times, serif;font-size: 14pt\">Szanowni Pa\u0144stwo w sytuacjach trudnych,\u00a0 jestem do dyspozycji i s\u0142u\u017c\u0119 pomoc\u0105. Dyrektor plac\u00f3wki Lidia Walczak-I\u017cycka <\/span><\/p>\n","protected":false},"excerpt":{"rendered":"<p>&nbsp; Roku szkolnym\u00a0 2025 \/ 2026 &nbsp; \u00a0Zgodnie z arkuszem organizacji pracy plac\u00f3wki i opini\u0105 Rady Rodzic\u00f3w przerwa wakacyjna zaplanowana jest na czas od 01.07.2026 r.\u00a0 do 31.07.2026 r. Jak [&hellip;]<\/p>\n","protected":false},"author":144,"featured_media":0,"parent":0,"menu_order":0,"comment_status":"closed","ping_status":"closed","template":"","meta":{"ngg_post_thumbnail":0,"footnotes":""},"class_list":["post-813","page","type-page","status-publish","hentry","clearfix"],"_links":{"self":[{"href":"https:\/\/przedszkole18.edu.wroclaw.pl\/index.php\/wp-json\/wp\/v2\/pages\/813","targetHints":{"allow":["GET"]}}],"collection":[{"href":"https:\/\/przedszkole18.edu.wroclaw.pl\/index.php\/wp-json\/wp\/v2\/pages"}],"about":[{"href":"https:\/\/przedszkole18.edu.wroclaw.pl\/index.php\/wp-json\/wp\/v2\/types\/page"}],"author":[{"embeddable":true,"href":"https:\/\/przedszkole18.edu.wroclaw.pl\/index.php\/wp-json\/wp\/v2\/users\/144"}],"replies":[{"embeddable":true,"href":"https:\/\/przedszkole18.edu.wroclaw.pl\/index.php\/wp-json\/wp\/v2\/comments?post=813"}],"version-history":[{"count":18,"href":"https:\/\/przedszkole18.edu.wroclaw.pl\/index.php\/wp-json\/wp\/v2\/pages\/813\/revisions"}],"predecessor-version":[{"id":12818,"href":"https:\/\/przedszkole18.edu.wroclaw.pl\/index.php\/wp-json\/wp\/v2\/pages\/813\/revisions\/12818"}],"wp:attachment":[{"href":"https:\/\/przedszkole18.edu.wroclaw.pl\/index.php\/wp-json\/wp\/v2\/media?parent=813"}],"curies":[{"name":"wp","href":"https:\/\/api.w.org\/{rel}","templated":true}]}}