
{"id":817,"date":"2020-03-19T08:31:19","date_gmt":"2020-03-19T07:31:19","guid":{"rendered":"https:\/\/przedszkole18.edu.wroclaw.pl\/?page_id=817"},"modified":"2025-03-12T14:10:39","modified_gmt":"2025-03-12T13:10:39","slug":"rodo","status":"publish","type":"page","link":"https:\/\/przedszkole18.edu.wroclaw.pl\/index.php\/rodo\/","title":{"rendered":"RODO"},"content":{"rendered":"<p><span style=\"font-size: 14pt; color: #000080;\"><em><strong>Rodo w plac\u00f3wce- obowi\u0105zuj\u0105ce dokumenty.<\/strong> <\/em><\/span><\/p>\n<ul>\n<li><a href=\"https:\/\/przedszkole18.edu.wroclaw.pl\/wp-content\/uploads\/sites\/36\/2024\/11\/POLITYKA-OCHRONY-DANYCH-OSOBOWYCH-P-18-2024.pdf\">POLITYKA OCHRONY DANYCH OSOBOWYCH P-18 2024<\/a><\/li>\n<li><a href=\"https:\/\/przedszkole18.edu.wroclaw.pl\/wp-content\/uploads\/sites\/36\/2024\/11\/Klauzula-edukacja-dziecka-w-placowce.pdf\">Klauzula edukacja dziecka w plac\u00f3wce<\/a><\/li>\n<li><a href=\"https:\/\/przedszkole18.edu.wroclaw.pl\/wp-content\/uploads\/sites\/36\/2024\/11\/Klauzula-strona-internetowa-placowki.pdf\">Klauzula strona internetowa plac\u00f3wki<\/a><\/li>\n<li><a href=\"https:\/\/przedszkole18.edu.wroclaw.pl\/wp-content\/uploads\/sites\/36\/2024\/11\/Klauzula-korespondencji-elektronicznej.pdf\">Klauzula korespondencji elektronicznej<\/a><\/li>\n<li><a href=\"https:\/\/przedszkole18.edu.wroclaw.pl\/wp-content\/uploads\/sites\/36\/2024\/11\/Klauzula-zlozenia-pisma-w-placowce.pdf\">Klauzula z\u0142o\u017cenia pisma w plac\u00f3wce<\/a><\/li>\n<li><a href=\"https:\/\/przedszkole18.edu.wroclaw.pl\/wp-content\/uploads\/sites\/36\/2024\/11\/Klauzula-kontroli-spelniania-roczne-obowiazkowego-wychowania-przedszkolnego-.pdf\">Klauzula kontroli spe\u0142niania roczne obowi\u0105zkowego wychowania przedszkolnego<\/a><\/li>\n<li><a href=\"https:\/\/przedszkole18.edu.wroclaw.pl\/wp-content\/uploads\/sites\/36\/2024\/11\/Klauzula-informacyjna-dla-osob-upowaznionych-do-odbioru-dziecka-z-placowki.pdf\">Klauzula informacyjna dla os\u00f3b upowa\u017cnionych do odbioru dziecka z plac\u00f3wki<\/a><\/li>\n<li><a href=\"https:\/\/przedszkole18.edu.wroclaw.pl\/wp-content\/uploads\/sites\/36\/2024\/11\/Tekst-klauzuli-interesu-publicznego-informacje-na-tablicach-.pdf\">Tekst klauzuli interesu publicznego- informacje na tablicach<\/a><\/li>\n<li><a href=\"https:\/\/przedszkole18.edu.wroclaw.pl\/wp-content\/uploads\/sites\/36\/2024\/11\/Tekst-klauzuli-interesu-publicznego-konkursy.pdf\">Tekst klauzuli interesu publicznego- konkursy<\/a><\/li>\n<li><a href=\"https:\/\/przedszkole18.edu.wroclaw.pl\/wp-content\/uploads\/sites\/36\/2024\/11\/Tekst-klauzuli-interesu-publicznego-wycieczki-przedszkolne.pdf\">Tekst klauzuli interesu publicznego- wycieczki przedszkolne<\/a><\/li>\n<\/ul>\n","protected":false},"excerpt":{"rendered":"<p>Rodo w plac\u00f3wce- obowi\u0105zuj\u0105ce dokumenty. POLITYKA OCHRONY DANYCH OSOBOWYCH P-18 2024 Klauzula edukacja dziecka w plac\u00f3wce Klauzula strona internetowa plac\u00f3wki Klauzula korespondencji elektronicznej Klauzula z\u0142o\u017cenia pisma w plac\u00f3wce Klauzula kontroli [&hellip;]<\/p>\n","protected":false},"author":144,"featured_media":0,"parent":0,"menu_order":0,"comment_status":"closed","ping_status":"closed","template":"","meta":{"ngg_post_thumbnail":0,"footnotes":""},"class_list":["post-817","page","type-page","status-publish","hentry","clearfix"],"_links":{"self":[{"href":"https:\/\/przedszkole18.edu.wroclaw.pl\/index.php\/wp-json\/wp\/v2\/pages\/817","targetHints":{"allow":["GET"]}}],"collection":[{"href":"https:\/\/przedszkole18.edu.wroclaw.pl\/index.php\/wp-json\/wp\/v2\/pages"}],"about":[{"href":"https:\/\/przedszkole18.edu.wroclaw.pl\/index.php\/wp-json\/wp\/v2\/types\/page"}],"author":[{"embeddable":true,"href":"https:\/\/przedszkole18.edu.wroclaw.pl\/index.php\/wp-json\/wp\/v2\/users\/144"}],"replies":[{"embeddable":true,"href":"https:\/\/przedszkole18.edu.wroclaw.pl\/index.php\/wp-json\/wp\/v2\/comments?post=817"}],"version-history":[{"count":15,"href":"https:\/\/przedszkole18.edu.wroclaw.pl\/index.php\/wp-json\/wp\/v2\/pages\/817\/revisions"}],"predecessor-version":[{"id":12222,"href":"https:\/\/przedszkole18.edu.wroclaw.pl\/index.php\/wp-json\/wp\/v2\/pages\/817\/revisions\/12222"}],"wp:attachment":[{"href":"https:\/\/przedszkole18.edu.wroclaw.pl\/index.php\/wp-json\/wp\/v2\/media?parent=817"}],"curies":[{"name":"wp","href":"https:\/\/api.w.org\/{rel}","templated":true}]}}